{"id":109173,"date":"2023-04-21T20:45:02","date_gmt":"2023-04-21T17:45:02","guid":{"rendered":"https:\/\/events.misatv.ro\/?page_id=109173"},"modified":"2025-04-24T22:15:07","modified_gmt":"2025-04-24T19:15:07","slug":"prihlaseni-na-jarni-mezinarodni-ezotericky-joginsky-tabor","status":"publish","type":"page","link":"https:\/\/events.misatv.ro\/cs\/prihlaseni-na-jarni-mezinarodni-ezotericky-joginsky-tabor\/","title":{"rendered":"P\u0159ihl\u00e1\u0161en\u00ed na Jarn\u00ed mezin\u00e1rodn\u00ed ezoterick\u00fd jog\u00ednsk\u00fd t\u00e1bor 2025"},"content":{"rendered":"<span lang=\"DE\">Pokud jste ji\u017e zaregistrov\u00e1ni na platform\u011b akc\u00ed (nap\u0159. jste se z\u00fa\u010dastnili online duchovn\u00edch akc\u00ed po prosinci 2023.), <a href=\"https:\/\/events.misatv.ro\/cs\/prihlasit-se\/\">p\u0159ihlaste se<\/a> nejprve na tuto platformu (pou\u017eijte e-mailovou adresu a heslo, kter\u00e9 jste pou\u017eili na p\u0159edchoz\u00ed online akci) a pot\u00e9 se zaregistrujte. T\u00edmto zp\u016fsobem si nebudete muset pro tuto akci vytv\u00e1\u0159et dal\u0161\u00ed \u00fa\u010det.<\/span><\/p>\n<div><span lang=\"DE\">Pokud jste se zaregistrovali a obdr\u017eeli p\u0159\u00edstupov\u00fd k\u00f3d na Jarn\u00ed mezin\u00e1rodn\u00ed ezoterick\u00fd jog\u00ednsk\u00fd t\u00e1bor 2025, ale dosud jste se na webov\u00fdch str\u00e1nk\u00e1ch neregistrovali, vypl\u0148te pros\u00edm n\u00ed\u017ee uveden\u00e1 pole, abyste mohli pokra\u010dovat v registraci na t\u011bchto str\u00e1nk\u00e1ch.<\/span><\/div>\n<p>Sezn\u00e1mil jsem se a souhlas\u00edm s <a href=\"https:\/\/events.misatv.ro\/cs\/podminky-pouzivani\/\">U\u017eivatelsk\u00fdmi podm\u00ednkami<\/a> a <a href=\"https:\/\/events.misatv.ro\/cs\/pravidla-joginskeho-letniho-tabora-online\/\">pravidly online ud\u00e1lost\u00ed<\/a>.<\/p>\n<p><form id=\"register-form\">\n    <div class=\"row\">\n        <div class=\"col text-center mw-100\" style=\"padding-bottom: 15px;\"><input id=\"input-email\" type=\"email\" class=\"form-control-lg mw-100\" placeholder=\"Introduceti Email\" required style=\"width: 90%; padding-left: 10px;\" \/><\/div>\n    <\/div>\n    <div class=\"row\">\n        <div class=\"col text-center mw-100\" style=\"padding-bottom: 15px;\"><input id=\"input-reemail\" type=\"email\" class=\"form-control-lg mw-100\" placeholder=\"Reintroduceti Email\" required style=\"width: 90%; padding-left: 10px;\" \/><\/div>\n    <\/div>\n    <div class=\"row\">\n        <div class=\"col text-center mw-100\" style=\"padding-bottom: 15px;\"><input id=\"input-password\" type=\"password\" class=\"form-control-lg mw-100\" placeholder=\"Parola\" required style=\"width: 90%; padding-left: 10px;\" \/><\/div>\n    <\/div>\n    <div class=\"row\">\n        <div class=\"col text-center mw-100\" style=\"padding-bottom: 15px;\"><input id=\"input-repassword\" type=\"password\" class=\"form-control-lg mw-100\" placeholder=\"Reintroduceti Parola\" required style=\"width: 90%; padding-left: 10px;\" \/><\/div>\n    <\/div>\n    <div class=\"row\">\n        <div class=\"col text-center mw-100\" style=\"padding-bottom: 15px;\"><input id=\"input-cod\" type=\"text\" class=\"form-control-lg mw-100\" placeholder=\"COD\" required style=\"width: 90%; padding-left: 10px;\" \/><\/div>\n    <\/div>\n    <div class=\"row\">\n        <div class=\"col text-center mw-100\" style=\"padding-bottom: 15px;\"><input type=\"submit\" class=\"form-control-lg text-center mw-100 btn btn-primary\" name=\"Trimite\" value=\"Trimite\" required style=\"width: 90%;\" \/><\/div>\n    <\/div>\n<\/form>\n\n<script>\n\t\t\t\t\tlet msgs = {};\n\t\t\t\t\t\t\t\t\t\t\t\/\/let msgs['invalid_email'] = \"The email address is invalid.\";\n\t\t\t\t\t\tmsgs['invalid_email'] = \"The email address is invalid.\";\n\t\t\t\t\t\t\t\t\t\t\t\t\/\/let msgs['already_email'] = \"This e-mail address is already in use, please login then register with your access code.\";\n\t\t\t\t\t\tmsgs['already_email'] = \"This e-mail address is already in use, please login then register with your access code.\";\n\t\t\t\t\t\t\t\t\t\t\t\t\/\/let msgs['invalid_code'] = \"The access code is incorrect - please check again.\";\n\t\t\t\t\t\tmsgs['invalid_code'] = \"The access code is incorrect - please check again.\";\n\t\t\t\t\t\t\t\t\t\t\t\t\/\/let msgs['used_code'] = \"This access code has already been used.\";\n\t\t\t\t\t\tmsgs['used_code'] = \"This access code has already been used.\";\n\t\t\t\t\t\t\t\t\t\t\t\t\/\/let msgs['expired_code'] = \"This access code is expired.\";\n\t\t\t\t\t\tmsgs['expired_code'] = \"This access code is expired.\";\n\t\t\t\t\t\t\t\t\t\t\t\t\/\/let msgs['mismatch_email'] = \"The email addresses do not match\";\n\t\t\t\t\t\tmsgs['mismatch_email'] = \"The email addresses do not match\";\n\t\t\t\t\t\t\t\t\t\t\t\t\/\/let msgs['mismatch_password'] = \"The passwords do not match.\";\n\t\t\t\t\t\tmsgs['mismatch_password'] = \"The passwords do not match.\";\n\t\t\t\t\t\t\t\t\t\t\t\t\/\/let msgs['password_length'] = \"The password is invalid.\";\n\t\t\t\t\t\tmsgs['password_length'] = \"The password is invalid.\";\n\t\t\t\t\t\t\t\n\n    jQuery.noConflict();\n    jQuery(document).ready(function ($) {\n\t$('#input-cod').keyup(function() {\n              $(this).val($(this).val().replace(\/[^a-zA-Z0-9\\s]\/g,''));\n        });\n\n        $('#register-form').submit(function (e) {\n            e.preventDefault();\n\n            if ($('#input-email').val() != $('#input-reemail').val()) {\n\t\t\t\tif (msgs[\"mismatch_email\"]) {\n\t\t\t\t\talert(msgs[\"mismatch_email\"]);\n\t\t\t\t} else {\n                \talert(\"Emailurile nu coincid\");\n\t\t\t\t}\n                return;\n            }\n\n            if ($('#input-password').val() != $('#input-repassword').val()) {\n\t\t\t\tif (msgs[\"mismatch_password\"]) {\n                    alert(msgs[\"mismatch_password\"]);\n                } else {\n                    alert(\"Parolele nu coincid\");\n                }\n                return;\n            }\n            \n            let password = $('#input-password').val();\n            password = password.trim();\n            \n            if (password.length < 8) {\n\t\t\t\tif (msgs[\"password_length\"]) {\n                    alert(msgs[\"password_length\"]);\n                } else {\n                alert(\"Parola prea scurta, minim 8 caractere\");\n                }\n                return;\n            }\n\n            $.post(\"\/cursuri-register-signup\", {\n                'email': $('#input-email').val(),\n                'password': password,\n                'cod': $('#input-cod').val(),\n                'skip_membership': '68298'\n            }, function (ret) {\n                if (!ret.success) {\n\n\t\t\t\t\tif (ret.data && ret.data.err_code &&  msgs[ret.data.err_code]) {\n                    \talert(msgs[ret.data.err_code]);\n\t\t\t\t\t} else {\n                    \talert(ret.data.message);\n\t\t\t\t\t}\n                    return;\n                }\n\n                document.location = '\/succes-deplin\/';\n                \/*\n                 if (ret.data.redirect) {\n                 document.location = '\/' + ret.data.redirect + '\/';\n                 } else {\n                 document.location = '\/acces-cursuri\/';\n                 }\n                 *\/\n\n            }, 'json');\n        });\n    });\n<\/script>\n<br \/>\n\n\n\n<\/div>\n","protected":false},"excerpt":{"rendered":"","protected":false},"author":3416,"featured_media":0,"parent":0,"menu_order":0,"comment_status":"closed","ping_status":"closed","template":"","meta":{"_et_pb_use_builder":"","_et_pb_old_content":"","_et_gb_content_width":"","footnotes":""},"class_list":["post-109173","page","type-page","status-publish","hentry"],"_links":{"self":[{"href":"https:\/\/events.misatv.ro\/cs\/wp-json\/wp\/v2\/pages\/109173","targetHints":{"allow":["GET"]}}],"collection":[{"href":"https:\/\/events.misatv.ro\/cs\/wp-json\/wp\/v2\/pages"}],"about":[{"href":"https:\/\/events.misatv.ro\/cs\/wp-json\/wp\/v2\/types\/page"}],"author":[{"embeddable":true,"href":"https:\/\/events.misatv.ro\/cs\/wp-json\/wp\/v2\/users\/3416"}],"replies":[{"embeddable":true,"href":"https:\/\/events.misatv.ro\/cs\/wp-json\/wp\/v2\/comments?post=109173"}],"version-history":[{"count":11,"href":"https:\/\/events.misatv.ro\/cs\/wp-json\/wp\/v2\/pages\/109173\/revisions"}],"predecessor-version":[{"id":167150,"href":"https:\/\/events.misatv.ro\/cs\/wp-json\/wp\/v2\/pages\/109173\/revisions\/167150"}],"wp:attachment":[{"href":"https:\/\/events.misatv.ro\/cs\/wp-json\/wp\/v2\/media?parent=109173"}],"curies":[{"name":"wp","href":"https:\/\/api.w.org\/{rel}","templated":true}]}}