{"id":60634,"date":"2021-04-08T21:30:04","date_gmt":"2021-04-08T18:30:04","guid":{"rendered":"https:\/\/events.misatv.ro\/?page_id=60634"},"modified":"2021-04-08T21:30:04","modified_gmt":"2021-04-08T18:30:04","slug":"technicke-pozadavky","status":"publish","type":"page","link":"https:\/\/events.misatv.ro\/cs\/technicke-pozadavky\/","title":{"rendered":"Technick\u00e9 po\u017eadavky"},"content":{"rendered":"<p>Technick\u00e9 po\u017eadavky a doporu\u010den\u00ed pro optim\u00e1ln\u00ed sledov\u00e1n\u00ed programu Mezin\u00e1rodn\u00edho j\u00f3gov\u00e9ho t\u00e1bora online:<\/p>\n<ul>\n<li>Pro maxim\u00e1ln\u00ed kvalitu p\u0159\u00edjmu pot\u0159ebujete st\u00e1lou rychlost stahov\u00e1n\u00ed (download) nejm\u00e9n\u011b 1,5 Mb \/ s. Chcete-li zkontrolovat va\u0161i rychlost p\u0159ipojen\u00ed, pravideln\u011b ji kontrolujte zde:\u00a0<strong><a href=\"https:\/\/www.speedtest.net\/\" target=\"_blank\" rel=\"noopener noreferrer\">speedtest<\/a><\/strong><br \/>\nKlikn\u011bte na tla\u010d\u00edtko \u201eGO\u201c a nakonec zkontrolujte, jak\u00e1 rychlost je dostupn\u00e1 pro stahov\u00e1n\u00ed (download) a jak\u00e1 pro odes\u00edl\u00e1n\u00ed (upload) dat.<\/li>\n<li>Pokud je va\u0161e rychlost stahov\u00e1n\u00ed neust\u00e1le pod 1,5 Mb \/ s, doporu\u010dujeme v\u00e1m p\u0159epnout si p\u0159\u00edjem vys\u00edl\u00e1n\u00ed pouze na zvukovou stopu za pomoci tla\u010d\u00edtka pod p\u0159ehr\u00e1va\u010dem \u201eZM\u011aNIT NA R\u00c1DIO \u2013 RADIO\u201c. Takto budete p\u0159ij\u00edmat pouze zvuk, ale n\u00e1roky na rychlost p\u0159ipojen\u00ed budou 9-kr\u00e1t men\u0161\u00ed, asi 150 Kbps, co\u017e je obvykle b\u011b\u017en\u00fd a snadno dosa\u017eiteln\u00fd po\u017eadavek.<\/li>\n<li><strong>Pozor!<\/strong>\u00a0P\u0159\u00edstupov\u00fd k\u00f3d lze pou\u017e\u00edt pouze jednou, pot\u00e9 jeho platnost vypr\u0161\u00ed a nelze jej pou\u017e\u00edt znovu.<\/li>\n<li>Program t\u00e1bora (audio\/video) m\u016f\u017eete najednou sledovat pouze na jednom z va\u0161ich za\u0159\u00edzen! Pokud se p\u0159ihl\u00e1s\u00edte a otev\u0159ete str\u00e1nky t\u00e1bora sou\u010dasn\u011b z dal\u0161\u00edho za\u0159\u00edzen\u00ed, p\u0159ehr\u00e1v\u00e1n\u00ed \u017eiv\u00e9ho vys\u00edl\u00e1n\u00ed bude dostupn\u00e9 pouze z posledn\u00edho p\u0159ipojen\u00e9ho za\u0159\u00edzen\u00ed.<\/li>\n<\/ul>\n","protected":false},"excerpt":{"rendered":"<p>Technick\u00e9 po\u017eadavky a doporu\u010den\u00ed pro optim\u00e1ln\u00ed sledov\u00e1n\u00ed programu Mezin\u00e1rodn\u00edho j\u00f3gov\u00e9ho t\u00e1bora online: Pro maxim\u00e1ln\u00ed kvalitu p\u0159\u00edjmu pot\u0159ebujete st\u00e1lou rychlost stahov\u00e1n\u00ed (download) nejm\u00e9n\u011b 1,5 Mb \/ s. Chcete-li zkontrolovat va\u0161i rychlost p\u0159ipojen\u00ed, pravideln\u011b ji kontrolujte zde:\u00a0speedtest Klikn\u011bte na tla\u010d\u00edtko \u201eGO\u201c a nakonec zkontrolujte, jak\u00e1 rychlost je dostupn\u00e1 pro stahov\u00e1n\u00ed (download) a jak\u00e1 pro odes\u00edl\u00e1n\u00ed (upload) dat. [&hellip;]<\/p>\n","protected":false},"author":5,"featured_media":0,"parent":0,"menu_order":0,"comment_status":"closed","ping_status":"closed","template":"","meta":{"_et_pb_use_builder":"","_et_pb_old_content":"","_et_gb_content_width":"","footnotes":""},"class_list":["post-60634","page","type-page","status-publish","hentry"],"_links":{"self":[{"href":"https:\/\/events.misatv.ro\/cs\/wp-json\/wp\/v2\/pages\/60634","targetHints":{"allow":["GET"]}}],"collection":[{"href":"https:\/\/events.misatv.ro\/cs\/wp-json\/wp\/v2\/pages"}],"about":[{"href":"https:\/\/events.misatv.ro\/cs\/wp-json\/wp\/v2\/types\/page"}],"author":[{"embeddable":true,"href":"https:\/\/events.misatv.ro\/cs\/wp-json\/wp\/v2\/users\/5"}],"replies":[{"embeddable":true,"href":"https:\/\/events.misatv.ro\/cs\/wp-json\/wp\/v2\/comments?post=60634"}],"version-history":[{"count":1,"href":"https:\/\/events.misatv.ro\/cs\/wp-json\/wp\/v2\/pages\/60634\/revisions"}],"predecessor-version":[{"id":60635,"href":"https:\/\/events.misatv.ro\/cs\/wp-json\/wp\/v2\/pages\/60634\/revisions\/60635"}],"wp:attachment":[{"href":"https:\/\/events.misatv.ro\/cs\/wp-json\/wp\/v2\/media?parent=60634"}],"curies":[{"name":"wp","href":"https:\/\/api.w.org\/{rel}","templated":true}]}}