{"id":60927,"date":"2020-09-29T10:03:00","date_gmt":"2020-09-29T07:03:00","guid":{"rendered":"https:\/\/events.misatv.ro\/regulament\/"},"modified":"2021-04-23T10:15:55","modified_gmt":"2021-04-23T07:15:55","slug":"pravidla-joginskeho-letniho-tabora-online","status":"publish","type":"page","link":"https:\/\/events.misatv.ro\/cs\/pravidla-joginskeho-letniho-tabora-online\/","title":{"rendered":"Pravidla Jog\u00ednsk\u00e9ho letn\u00edho t\u00e1bora online"},"content":{"rendered":"<ul>\n<li>aktivity t\u00e1bora jsou vyhrazeny osob\u00e1m star\u0161\u00edm 18 let. Stvrzen\u00edm registra\u010dn\u00edho formul\u00e1\u0159e na za\u010d\u00e1tku t\u00e1bora a p\u0159ijet\u00edm podm\u00ednek p\u0159\u00edstupu k tomto webu potvrzujete, \u017ee m\u00e1te v\u00edce ne\u017e 18 let.<\/li>\n<li>p\u0159\u00edstupov\u00fd k\u00f3d na str\u00e1nky t\u00e1bora je jedine\u010dn\u00fd a nep\u0159enosn\u00fd. Pochopte pros\u00edm, \u017ee pokud zjist\u00edme pokusy o p\u0159ipojen\u00ed se stejn\u00fdm k\u00f3dem sou\u010dasn\u011b na r\u016fzn\u00fdch m\u00edstech, zablokujeme p\u0159\u00edstup k tomuto k\u00f3du.<\/li>\n<li>Stejn\u011b jako ka\u017ed\u00fd rok, dostanou \u00fa\u010dastn\u00edci po skon\u010den\u00ed t\u00e1bora, pokud to podm\u00ednky dovol\u00ed, set d\u00e1rkov\u00fdch materi\u00e1l\u016f.<\/li>\n<li>podrobn\u00fd program bude k dispozici na str\u00e1nk\u00e1ch t\u00e1bora. U n\u011bkter\u00fdch premi\u00e9rov\u00fdch p\u0159edn\u00e1\u0161ek se mohou objevit zm\u011bny na posledn\u00ed chv\u00edli, co se t\u00fd\u010de jejich d\u00e9lky nebo \u010dasu zah\u00e1jen\u00ed. Tyto zm\u011bny budou v\u010das ozn\u00e1meny a budou v programu viditeln\u011b ozna\u010deny.<\/li>\n<li>doporu\u010dujeme \u00fa\u010dastn\u00edk\u016fm, aby p\u0159ed ka\u017ed\u00fdm p\u0159ipojen\u00edm provedli metodu ochrany pro p\u0159\u00edstupu k internetu, kterou naleznete podrobn\u011b popsanou na internetov\u00e9 str\u00e1nce yogaestoreric.net a kter\u00e1 bude na webu prezentov\u00e1na na za\u010d\u00e1tku ka\u017ed\u00e9ho \u00faseku programu.<\/li>\n<li>pokud m\u00e1te ot\u00e1zky a probl\u00e9my technick\u00e9 povahy, m\u00e1te na prav\u00e9 stran\u011b obrazovky chatovac\u00ed okno. Pozor, v chatu se nebude odpov\u00eddat na ot\u00e1zky t\u00fdkaj\u00edc\u00ed se obsahu konferenc\u00ed, ale v\u00fdhradn\u011b na ot\u00e1zky technick\u00e9 nebo administrativn\u00ed povahy.<\/li>\n<li>jste zv\u00e1ni k zas\u00edl\u00e1n\u00ed sd\u00edlen\u00ed nebo smyslupln\u00fdch ot\u00e1zek, bu\u010f e-mailem na adresu: tabaraonline2021@gmail.com, nebo p\u0159\u00edmo na webu na str\u00e1nce Kontakt, kde v\u017edy uved\u0165e: jm\u00e9no, p\u0159\u00edjmen\u00ed, ro\u010dn\u00edk kurzu, m\u011bsto a st\u00e1t, n\u00e1zev konference nebo meditace (pokud m\u00e1 konference n\u011bkolik \u010d\u00e1st\u00ed, uve\u010fte o kterou \u010d\u00e1st se jedn\u00e1). Tyto ot\u00e1zky budou zodpov\u011bzeny b\u011bhem n\u00e1sleduj\u00edc\u00edch pr\u00e1zdninov\u00fdch t\u00e1bor\u016f. Odpov\u011bdi nedostanete osobn\u011b e-mailem.<\/li>\n<li>ti\u0161t\u011bn\u00e9 informa\u010dn\u00ed bulletiny nebudou z objektivn\u00edch d\u016fvod\u016f na tomto t\u00e1bo\u0159e k dispozici. Tyto zpravodaje v\u0161ak budou k dispozici na n\u00e1sleduj\u00edc\u00edch t\u00e1borech v\u00a0Herculane a v\u00a0Costine\u0219ti.<\/li>\n<li>osoby, kter\u00e9 se zaregistruj\u00ed na str\u00e1nk\u00e1ch t\u00e1bora po jeho zah\u00e1jen\u00ed, se budou moci \u00fa\u010dastnit pouze aktivit, kter\u00e9 zb\u00fdvaj\u00ed do konce t\u00e1bora, nebudou moci po\u017eadovat opakov\u00e1n\u00ed ji\u017e prob\u011bhl\u00fdch aktivit.<\/li>\n<li>pro v\u010dasn\u00e9 aktualizovan\u00e9 informace o zm\u011bn\u00e1ch a ozn\u00e1men\u00edch se lze p\u0159ipojit k t\u00e1borov\u00e9mu kan\u00e1lu Telegramu kliknut\u00edm na link\u00a0<a href=\"https:\/\/t.me\/tabaraonline\">https:\/\/t.me\/tabaraonline<\/a>. Tento kan\u00e1l nen\u00ed koncipov\u00e1n jako diskuzn\u00ed skupina, ani se zde neodpov\u00edd\u00e1 na ot\u00e1zky. Slou\u017e\u00ed v\u00fdhradn\u011b k\u00a0postov\u00e1n\u00ed ozn\u00e1men\u00ed.<\/li>\n<\/ul>\n","protected":false},"excerpt":{"rendered":"<p>aktivity t\u00e1bora jsou vyhrazeny osob\u00e1m star\u0161\u00edm 18 let. Stvrzen\u00edm registra\u010dn\u00edho formul\u00e1\u0159e na za\u010d\u00e1tku t\u00e1bora a p\u0159ijet\u00edm podm\u00ednek p\u0159\u00edstupu k tomto webu potvrzujete, \u017ee m\u00e1te v\u00edce ne\u017e 18 let. p\u0159\u00edstupov\u00fd k\u00f3d na str\u00e1nky t\u00e1bora je jedine\u010dn\u00fd a nep\u0159enosn\u00fd. Pochopte pros\u00edm, \u017ee pokud zjist\u00edme pokusy o p\u0159ipojen\u00ed se stejn\u00fdm k\u00f3dem sou\u010dasn\u011b na r\u016fzn\u00fdch m\u00edstech, zablokujeme p\u0159\u00edstup k [&hellip;]<\/p>\n","protected":false},"author":3,"featured_media":0,"parent":0,"menu_order":0,"comment_status":"closed","ping_status":"closed","template":"","meta":{"_et_pb_use_builder":"","_et_pb_old_content":"","_et_gb_content_width":"","footnotes":""},"class_list":["post-60927","page","type-page","status-publish","hentry"],"_links":{"self":[{"href":"https:\/\/events.misatv.ro\/cs\/wp-json\/wp\/v2\/pages\/60927","targetHints":{"allow":["GET"]}}],"collection":[{"href":"https:\/\/events.misatv.ro\/cs\/wp-json\/wp\/v2\/pages"}],"about":[{"href":"https:\/\/events.misatv.ro\/cs\/wp-json\/wp\/v2\/types\/page"}],"author":[{"embeddable":true,"href":"https:\/\/events.misatv.ro\/cs\/wp-json\/wp\/v2\/users\/3"}],"replies":[{"embeddable":true,"href":"https:\/\/events.misatv.ro\/cs\/wp-json\/wp\/v2\/comments?post=60927"}],"version-history":[{"count":3,"href":"https:\/\/events.misatv.ro\/cs\/wp-json\/wp\/v2\/pages\/60927\/revisions"}],"predecessor-version":[{"id":61072,"href":"https:\/\/events.misatv.ro\/cs\/wp-json\/wp\/v2\/pages\/60927\/revisions\/61072"}],"wp:attachment":[{"href":"https:\/\/events.misatv.ro\/cs\/wp-json\/wp\/v2\/media?parent=60927"}],"curies":[{"name":"wp","href":"https:\/\/api.w.org\/{rel}","templated":true}]}}