{"id":78459,"date":"2022-03-06T13:16:19","date_gmt":"2022-03-06T11:16:19","guid":{"rendered":"https:\/\/events.misatv.ro\/?page_id=78459"},"modified":"2024-03-04T09:53:41","modified_gmt":"2024-03-04T07:53:41","slug":"prihlaseni-na-tabor-pro-prohloubeni-zasvecujiciho-vztahu-duchovni-pruvodce-aspirant","status":"publish","type":"page","link":"https:\/\/events.misatv.ro\/cs\/prihlaseni-na-tabor-pro-prohloubeni-zasvecujiciho-vztahu-duchovni-pruvodce-aspirant\/","title":{"rendered":"P\u0159\u00edhl\u00e1\u0161en\u00ed na T\u00e1bor pro prohlouben\u00ed zasv\u011bcuj\u00edc\u00edho vztahu Duchovn\u00ed pr\u016fvodce \u2013 aspirant"},"content":{"rendered":"<\/p>\n<p>Pokud jste zaregistrov\u00e1ni na platform\u011b pro ud\u00e1losti, nap\u0159. jste se z\u00fa\u010dastnili mezin\u00e1rodn\u00edho letn\u00edho esoterick\u00e9ho j\u00f3gov\u00e9ho t\u00e1bora online, nejprve se p\u0159ihlaste na platform\u011b (pou\u017eijte e-mailovou adresu a heslo, kter\u00e9 jste pou\u017eili pro p\u0159edchoz\u00ed online ud\u00e1lost) a pot\u00e9 se zaregistrujte &#8211; pro tuto ud\u00e1lost tak nebudete muset vytv\u00e1\u0159et dal\u0161\u00ed \u00fa\u010det.<\/p>\n<p>Pokud jste se zaregistrovali a obdr\u017eeli jste P\u0158\u00cdSTUPOV\u00dd K\u00d3D na T\u00e1bor pro prohlouben\u00ed zasv\u011bcuj\u00edc\u00edho vztahu Duchovn\u00ed Pr\u016fvodce \u2013 aspirant, ale dosud jste se na str\u00e1nk\u00e1ch neregistrovali, vypl\u0148te pros\u00edm n\u00ed\u017ee uveden\u00e1 pole, abyste mohli pokra\u010dovat v procesu registrace na t\u011bchto str\u00e1nk\u00e1ch.<\/p>\n<p>Sezn\u00e1mil jsem se a souhlas\u00edm s <a href=\"https:\/\/events.misatv.ro\/cs\/podminky-pouzivani\/\">U\u017eivatelsk\u00fdmi podm\u00ednkami<\/a> a <a href=\"https:\/\/events.misatv.ro\/cs\/pravidla-joginskeho-letniho-tabora-online\/\">pravidly online ud\u00e1lost\u00ed<\/a>.\n\n\n\n<div class=\"mp_wrapper\">\n  <form name=\"mepr_signup_form\" id=\"mepr_signup_form\" class=\"mepr-signup-form mepr-form\" method=\"post\" action=\"\/cs\/wp-json\/wp\/v2\/pages\/78459#mepr_jump\" enctype=\"multipart\/form-data\" novalidate>\n    <input type=\"hidden\" name=\"mepr_process_signup_form\" value=\"Y\" \/>\n    <input type=\"hidden\" name=\"mepr_product_id\" value=\"78342\" \/>\n\n    \n    \n    \n          <div class=\"mp-form-row mepr_bold mepr_price\">\n                <div class=\"mepr_price_cell_label\">Cena:<\/div>\n        <div class=\"mepr_price_cell\">\n          2leipro p\u0159\u00edstup doApril 21, 2026        <\/div>\n      <\/div>\n    \n    \n          <input type=\"hidden\" name=\"user_first_name\" value=\"\" \/>\n      <input type=\"hidden\" name=\"user_last_name\" value=\"\" \/>\n    \n    \n    \n    \n          <input type=\"hidden\" class=\"mepr-geo-country\" name=\"mepr-geo-country\" value=\"\" \/>\n\n              <div class=\"mp-form-row mepr_email mepr-field-required\">\n        <div class=\"mp-form-label\">\n          <label for=\"user_email1\">E-mail:*<\/label>\n          <span class=\"cc-error\">Neplatn\u00fd e-mail<\/span>\n        <\/div>\n        <input type=\"email\" name=\"user_email\" id=\"user_email1\" class=\"mepr-form-input\" value=\"\" required \/>\n      <\/div>\n      <div class=\"mp-form-row mepr_email_stripe mepr-field-required mepr-hidden\">\n      <\/div>\n                                <div class=\"mp-form-row mepr_password mepr-field-required\">\n          <div class=\"mp-form-label\">\n            <label for=\"mepr_user_password1\">Heslo:*<\/label>\n            <span class=\"cc-error\">Neplatn\u00e9 heslo<\/span>\n          <\/div>\n          <div class=\"mp-hide-pw\">\n            <input type=\"password\" name=\"mepr_user_password\" id=\"mepr_user_password1\" class=\"mepr-form-input mepr-password\" value=\"\" required \/>\n            <button type=\"button\" class=\"button mp-hide-pw hide-if-no-js\" data-toggle=\"0\" aria-label=\"Zobrazit heslo\">\n              <span class=\"dashicons dashicons-visibility\" aria-hidden=\"true\"><\/span>\n            <\/button>\n          <\/div>\n          <\/div>\n        <div class=\"mp-form-row mepr_password_confirm mepr-field-required\">\n          <div class=\"mp-form-label\">\n            <label for=\"mepr_user_password_confirm1\">Potvrzen\u00ed hesla:*<\/label>\n            <span class=\"cc-error\">Potvrzen\u00ed hesla nesouhlas\u00ed<\/span>\n          <\/div>\n          <div class=\"mp-hide-pw\">\n            <input type=\"password\" name=\"mepr_user_password_confirm\" id=\"mepr_user_password_confirm1\" class=\"mepr-form-input mepr-password-confirm\" value=\"\" required \/>\n            <button type=\"button\" class=\"button mp-hide-pw hide-if-no-js\" data-toggle=\"0\" aria-label=\"Zobrazit heslo\">\n              <span class=\"dashicons dashicons-visibility\" aria-hidden=\"true\"><\/span>\n            <\/button>\n          <\/div>\n        <\/div>\n                <div class=\"mp-form-row mp-password-strength-area\">\n      <span class=\"mp-password-strength-display mp-nopass\">S\u00edla hesla<\/span>\n\n                <span>&nbsp;<small><em>Heslo mus\u00ed b\u00fdt &quot;st\u0159edn\u011b&quot; siln\u00e9 nebo siln\u011bj\u0161\u00ed<\/em><\/small><\/span>\n        \n      <input type=\"hidden\" name=\"mp-pass-strength\" class=\"mp-pass-strength\" value=\"0\" \/>\n    <\/div>\n                                \n        \n    \n                    <a class=\"have-coupon-link\" data-prdid=\"78342\" href=\"\">\n            M\u00e1te slevov\u00fd kup\u00f3n?        <\/a>\n        <div class=\"mp-form-row mepr_coupon mepr_coupon_78342 mepr-hidden\">\n          <div class=\"mp-form-label\">\n            <label for=\"mepr_coupon_code-78342\">K\u00f3d kup\u00f3nu:<\/label>\n            <span class=\"mepr-coupon-loader mepr-hidden\">\n              <img loading=\"lazy\" decoding=\"async\" src=\"https:\/\/events.misatv.ro\/wp-includes\/js\/thickbox\/loadingAnimation.gif\" title=\"Ikona na\u010dten\u00ed\" alt=\"Ikona na\u010dten\u00ed\" width=\"100\" height=\"10\" \/>\n            <\/span>\n            <span class=\"cc-error\">Neplatn\u00fd kup\u00f3n<\/span>\n            <span class=\"cc-success\">Coupon applied successfully<\/span>\n          <\/div>\n          <input type=\"text\" id=\"mepr_coupon_code-78342\" class=\"mepr-form-input mepr-coupon-code\" name=\"mepr_coupon_code\" value=\"\" data-prdid=\"78342\" \/>\n        <\/div>\n              <div class=\"mepr-payment-methods-wrapper\">\n                  <input type=\"hidden\" name=\"mepr_payment_method\" value=\"qh4a5y-27d\" \/>\n                      <\/div>\n    \n    \n    \n        \n    <div class=\"mepr_spacer\">&nbsp;<\/div>\n\n    <div class=\"mp-form-submit\">\n            <label for=\"mepr_no_val\" class=\"mepr-visuallyhidden\">\u017d\u00e1dn\u00fd val<\/label>\n      <input type=\"text\" id=\"mepr_no_val\" name=\"mepr_no_val\" class=\"mepr-form-input mepr-visuallyhidden mepr_no_val mepr-hidden\" autocomplete=\"off\" \/>\n\n              <input type=\"submit\" class=\"mepr-submit\" value=\"\u00cenregistrare\" \/>\n            <img decoding=\"async\" src=\"https:\/\/events.misatv.ro\/wp-admin\/images\/loading.gif\" alt=\"Na\u010d\u00edt\u00e1m...\" style=\"display: none;\" class=\"mepr-loading-gif\" title=\"Ikona na\u010dten\u00ed\" \/>\n      <span class=\"mepr-form-has-errors\">Pros\u00edm, opravte ozna\u010den\u00e9 chyby<\/span>\n\n    <\/div>\n  <\/form>\n<\/div>\n\n\n","protected":false},"excerpt":{"rendered":"","protected":false},"author":3,"featured_media":0,"parent":0,"menu_order":0,"comment_status":"closed","ping_status":"closed","template":"","meta":{"_et_pb_use_builder":"","_et_pb_old_content":"","_et_gb_content_width":"","footnotes":""},"class_list":["post-78459","page","type-page","status-publish","hentry"],"_links":{"self":[{"href":"https:\/\/events.misatv.ro\/cs\/wp-json\/wp\/v2\/pages\/78459","targetHints":{"allow":["GET"]}}],"collection":[{"href":"https:\/\/events.misatv.ro\/cs\/wp-json\/wp\/v2\/pages"}],"about":[{"href":"https:\/\/events.misatv.ro\/cs\/wp-json\/wp\/v2\/types\/page"}],"author":[{"embeddable":true,"href":"https:\/\/events.misatv.ro\/cs\/wp-json\/wp\/v2\/users\/3"}],"replies":[{"embeddable":true,"href":"https:\/\/events.misatv.ro\/cs\/wp-json\/wp\/v2\/comments?post=78459"}],"version-history":[{"count":2,"href":"https:\/\/events.misatv.ro\/cs\/wp-json\/wp\/v2\/pages\/78459\/revisions"}],"predecessor-version":[{"id":84099,"href":"https:\/\/events.misatv.ro\/cs\/wp-json\/wp\/v2\/pages\/78459\/revisions\/84099"}],"wp:attachment":[{"href":"https:\/\/events.misatv.ro\/cs\/wp-json\/wp\/v2\/media?parent=78459"}],"curies":[{"name":"wp","href":"https:\/\/api.w.org\/{rel}","templated":true}]}}