{"id":104081,"date":"2023-03-02T23:55:24","date_gmt":"2023-03-02T21:55:24","guid":{"rendered":"https:\/\/events.misatv.ro\/?page_id=104081"},"modified":"2026-03-03T22:41:14","modified_gmt":"2026-03-03T20:41:14","slug":"camp-for-deepening-the-spiritual-guide-aspirant-initiatic-relationship","status":"publish","type":"page","link":"https:\/\/events.misatv.ro\/en\/camp-for-deepening-the-spiritual-guide-aspirant-initiatic-relationship\/","title":{"rendered":"Camp for deepening the spiritual Guide &#8211; aspirant initiatic relationship"},"content":{"rendered":"<p>[et_pb_section fb_built=&#8221;1&#8243; custom_padding_last_edited=&#8221;on|phone&#8221; disabled_on=&#8221;off|off|off&#8221; admin_label=&#8221;Hero Section 4 Desktop&#8221; _builder_version=&#8221;4.16&#8243; background_enable_color=&#8221;off&#8221; background_color_gradient_direction=&#8221;72deg&#8221; background_image=&#8221;https:\/\/events.misatv.ro\/wp-content\/uploads\/2022\/03\/Slider-tabara-ghid-spiritual.png&#8221; background_size=&#8221;initial&#8221; background_position=&#8221;top_right&#8221; custom_margin_tablet=&#8221;&#8221; custom_margin_phone=&#8221;120px||||false|false&#8221; custom_margin_last_edited=&#8221;on|phone&#8221; custom_padding=&#8221;110px|0px|0px|0px||&#8221; custom_padding_tablet=&#8221;&#8221; custom_padding_phone=&#8221;&#8221; top_divider_height=&#8221;48px&#8221; background_last_edited=&#8221;on|phone&#8221; background_image_phone=&#8221;https:\/\/events.misatv.ro\/wp-content\/uploads\/2022\/02\/Ghid-aspirant-pentru-mobil-B-2.png&#8221; background_enable_image_phone=&#8221;on&#8221; background_size_tablet=&#8221;contain&#8221; background_size_phone=&#8221;contain&#8221; background_position_tablet=&#8221;center_right&#8221; background_position_phone=&#8221;top_center&#8221; collapsed=&#8221;off&#8221; global_colors_info=&#8221;{}&#8221;][et_pb_row _builder_version=&#8221;4.16&#8243; _module_preset=&#8221;default&#8221; width=&#8221;92%&#8221; max_width=&#8221;1923px&#8221; module_alignment=&#8221;center&#8221; custom_margin=&#8221;||||false|false&#8221; custom_padding=&#8221;0px||||false|false&#8221; global_colors_info=&#8221;{}&#8221;][et_pb_column type=&#8221;4_4&#8243; _builder_version=&#8221;4.16&#8243; _module_preset=&#8221;default&#8221; global_colors_info=&#8221;{}&#8221;][et_pb_text content_tablet=&#8221;<\/p>\n<h1>Camp for deepening the spiritual Guide &#8211; aspirant initiatic relationship,<br \/>March 6th \u2013 13th, 2026<\/h1>\n<p>&#8221; content_phone=&#8221;<\/p>\n<h1>Camp for deepening the spiritual Guide &#8211; aspirant<br \/>initiatic relationship,<br \/>March 6th \u2013 13th, 2026<\/h1>\n<p>&#8221; content_last_edited=&#8221;on|phone&#8221; _builder_version=&#8221;4.27.5&#8243; text_font=&#8221;||||||||&#8221; header_font=&#8221;Open Sans|700|||||||&#8221; header_text_color=&#8221;gcid-88199057-bddb-4f3e-8b46-58be9a6f46df&#8221; header_font_size=&#8221;35px&#8221; header_line_height=&#8221;1.2em&#8221; custom_margin=&#8221;50px||||false|false&#8221; custom_margin_tablet=&#8221;&#8221; custom_margin_phone=&#8221;-120px||||false|false&#8221; custom_margin_last_edited=&#8221;on|desktop&#8221; custom_padding=&#8221;||||false|false&#8221; animation_style=&#8221;fade&#8221; hover_enabled=&#8221;0&#8243; header_font_size_tablet=&#8221;30px&#8221; header_font_size_phone=&#8221;22px&#8221; header_font_size_last_edited=&#8221;on|phone&#8221; text_text_shadow_style=&#8221;preset3&#8243; text_text_shadow_color=&#8221;#FFFFFF&#8221; global_colors_info=&#8221;{%22gcid-88199057-bddb-4f3e-8b46-58be9a6f46df%22:%91%22header_text_color%22%93}&#8221; sticky_enabled=&#8221;0&#8243;]<\/p>\n<h1>Camp for deepening the spiritual Guide &#8211; aspirant<br \/>initiatic relationship,<br \/>March 6th \u2013 13th, 2026<\/h1>\n<p>[\/et_pb_text][\/et_pb_column][\/et_pb_row][et_pb_row column_structure=&#8221;1_2,1_2&#8243; _builder_version=&#8221;4.16&#8243; background_size=&#8221;initial&#8221; background_position=&#8221;top_left&#8221; background_repeat=&#8221;repeat&#8221; width=&#8221;92%&#8221; max_width=&#8221;1923px&#8221; module_alignment=&#8221;center&#8221; custom_margin=&#8221;||40px||false|false&#8221; custom_margin_tablet=&#8221;&#8221; custom_margin_phone=&#8221;400px||0px||false|false&#8221; custom_margin_last_edited=&#8221;on|phone&#8221; custom_padding=&#8221;||0px|||&#8221; global_colors_info=&#8221;{}&#8221;][et_pb_column type=&#8221;1_2&#8243; _builder_version=&#8221;4.16&#8243; global_colors_info=&#8221;{}&#8221; custom_padding__hover=&#8221;|||&#8221;][et_pb_text _builder_version=&#8221;4.24.0&#8243; text_font=&#8221;Open Sans||||||||&#8221; text_text_color=&#8221;#2F0167&#8243; text_font_size=&#8221;27px&#8221; text_line_height=&#8221;1.3em&#8221; header_text_color=&#8221;#2f0167&#8243; header_font_size=&#8221;70px&#8221; header_2_font=&#8221;Open Sans||||||||&#8221; header_2_text_color=&#8221;#2f0167&#8243; header_2_line_height=&#8221;1.4em&#8221; custom_margin=&#8221;||10px||false|false&#8221; animation_style=&#8221;fade&#8221; animation_delay=&#8221;100ms&#8221; hover_enabled=&#8221;0&#8243; text_font_size_tablet=&#8221;&#8221; text_font_size_phone=&#8221;24px&#8221; text_font_size_last_edited=&#8221;on|phone&#8221; header_2_font_size_tablet=&#8221;&#8221; header_2_font_size_phone=&#8221;20px&#8221; header_2_font_size_last_edited=&#8221;on|phone&#8221; text_text_shadow_style=&#8221;preset3&#8243; text_text_shadow_color=&#8221;#FFFFFF&#8221; global_colors_info=&#8221;{}&#8221; sticky_enabled=&#8221;0&#8243;]<\/p>\n<p>This spiritual event provides a suitable context for deepening the mystical initiatory relationship between the Spiritual Guide and the aspirant through an intensive spiritual programme. The camp will be supported with the spiritual integration specific to this event.<\/p>\n<p>[\/et_pb_text][et_pb_button button_url=&#8221;https:\/\/events.misatv.ro\/en\/camp-for-deepening-the-spiritual-guide-aspirant-initiatic-relationship\/&#8221; button_text=&#8221;Read more&#8221; button_alignment=&#8221;left&#8221; disabled_on=&#8221;on|on|on&#8221; admin_label=&#8221;Detalii&#8221; _builder_version=&#8221;4.24.0&#8243; _module_preset=&#8221;default&#8221; custom_button=&#8221;on&#8221; button_text_size=&#8221;20px&#8221; button_text_color=&#8221;#FFFFFF&#8221; button_bg_color=&#8221;#4C1553&#8243; button_border_width=&#8221;2px&#8221; button_border_radius=&#8221;3px&#8221; button_font=&#8221;Open Sans||||||||&#8221; button_icon=&#8221;&#x52;||divi||400&#8243; background_layout=&#8221;dark&#8221; disabled=&#8221;on&#8221; global_colors_info=&#8221;{}&#8221;][\/et_pb_button][\/et_pb_column][et_pb_column type=&#8221;1_2&#8243; _builder_version=&#8221;4.16&#8243; custom_padding=&#8221;|||&#8221; global_colors_info=&#8221;{}&#8221; custom_padding__hover=&#8221;|||&#8221;][\/et_pb_column][\/et_pb_row][et_pb_row column_structure=&#8221;1_3,2_3&#8243; use_custom_gutter=&#8221;on&#8221; gutter_width=&#8221;1&#8243; _builder_version=&#8221;4.16&#8243; _module_preset=&#8221;default&#8221; width=&#8221;92%&#8221; max_width=&#8221;100%&#8221; display_conditions=&#8221;W3siaWQiOiIxNjA3ZDBkZi1iMDU3LTRlYzUtOTM3MC00YTc1YjhkODEwMDMiLCJjb25kaXRpb24iOiJsb2dnZWRJblN0YXR1cyIsImNvbmRpdGlvblNldHRpbmdzIjp7ImxvZ2dlZEluU3RhdHVzIjoibG9nZ2VkT3V0IiwiYWRtaW5MYWJlbCI6IkxvZ2dlZCBJbiBTdGF0dXMiLCJlbmFibGVDb25kaXRpb24iOiJvbiJ9LCJvcGVyYXRvciI6Ik9SIn1d&#8221; custom_padding=&#8221;||0px|||&#8221; global_colors_info=&#8221;{}&#8221;][et_pb_column type=&#8221;1_3&#8243; _builder_version=&#8221;4.16&#8243; _module_preset=&#8221;default&#8221; global_colors_info=&#8221;{}&#8221;][et_pb_text _builder_version=&#8221;4.20.0&#8243; _module_preset=&#8221;default&#8221; header_4_font=&#8221;|700|||||||&#8221; header_4_text_color=&#8221;#2f0167&#8243; custom_padding=&#8221;12px||8px||false|false&#8221; text_text_shadow_style=&#8221;preset3&#8243; text_text_shadow_color=&#8221;#FFFFFF&#8221; global_colors_info=&#8221;{}&#8221;]<\/p>\n<h4>Are you already registered with a code for MISA events?<\/h4>\n<p>\u200b<\/p>\n<p>[\/et_pb_text][\/et_pb_column][et_pb_column type=&#8221;2_3&#8243; _builder_version=&#8221;4.16&#8243; _module_preset=&#8221;default&#8221; global_colors_info=&#8221;{}&#8221;][et_pb_button button_url=&#8221;https:\/\/events.misatv.ro\/en\/login\/&#8221; button_text=&#8221;Login&#8221; _builder_version=&#8221;4.20.0&#8243; _module_preset=&#8221;default&#8221; custom_button=&#8221;on&#8221; button_text_color=&#8221;#FFFFFF&#8221; button_bg_color=&#8221;#4C1553&#8243; button_font=&#8221;||||||||&#8221; button_icon=&#8221;&#x35;||divi||400&#8243; custom_padding=&#8221;|33px|||false|false&#8221; global_colors_info=&#8221;{}&#8221;][\/et_pb_button][\/et_pb_column][\/et_pb_row][et_pb_row column_structure=&#8221;1_3,2_3&#8243; use_custom_gutter=&#8221;on&#8221; gutter_width=&#8221;1&#8243; _builder_version=&#8221;4.16&#8243; _module_preset=&#8221;default&#8221; width=&#8221;92%&#8221; max_width=&#8221;100%&#8221; display_conditions=&#8221;W3siaWQiOiIwODJkYTc2ZC05MmJkLTRlN2QtOGMxZS1mNjViYTRmZmU0MDEiLCJjb25kaXRpb24iOiJtZW1iZXJwcmVzc3Byb2R1Y3QiLCJjb25kaXRpb25TZXR0aW5ncyI6eyJkeW5hbWljUG9zdHNEaXNwbGF5IjoiaXNOb3QiLCJkeW5hbWljUG9zdHMiOlt7ImxhYmVsIjoiVGFiYXJhIFx1MDIxOWl2YWlzbSAyMDIxIiwidmFsdWUiOiI2OTM1OSJ9XSwicG9zdFR5cGVMYWJlbCI6Ik1lbWJlcnNoaXBzIiwiYWRtaW5MYWJlbCI6Ik1lbWJlcnNoaXBzIiwiZW5hYmxlQ29uZGl0aW9uIjoib24ifSwib3BlcmF0b3IiOiJPUiJ9XQ==&#8221; custom_padding=&#8221;||0px|||&#8221; global_colors_info=&#8221;{}&#8221;][et_pb_column type=&#8221;1_3&#8243; _builder_version=&#8221;4.16&#8243; _module_preset=&#8221;default&#8221; global_colors_info=&#8221;{}&#8221;][et_pb_text _builder_version=&#8221;4.20.0&#8243; _module_preset=&#8221;default&#8221; header_4_font=&#8221;|700|||||||&#8221; header_4_text_color=&#8221;#2f0167&#8243; custom_padding=&#8221;12px||8px||false|false&#8221; text_text_shadow_style=&#8221;preset3&#8243; text_text_shadow_color=&#8221;#FFFFFF&#8221; global_colors_info=&#8221;{}&#8221;]<\/p>\n<h4>Did you receive a code for this camp and you want to sign up?<\/h4>\n<p>[\/et_pb_text][\/et_pb_column][et_pb_column type=&#8221;2_3&#8243; _builder_version=&#8221;4.16&#8243; _module_preset=&#8221;default&#8221; global_colors_info=&#8221;{}&#8221;][et_pb_button button_url=&#8221;https:\/\/events.misatv.ro\/en\/registration-for-the-camp-for-deepening-the-spiritual-guide-aspirant-initiatic-relationship\/&#8221; button_text=&#8221;Sign up&#8221; _builder_version=&#8221;4.24.0&#8243; _module_preset=&#8221;default&#8221; custom_button=&#8221;on&#8221; button_text_color=&#8221;#FFFFFF&#8221; button_bg_color=&#8221;#4C1553&#8243; button_font=&#8221;||||||||&#8221; button_icon=&#8221;&#x35;||divi||400&#8243; display_conditions=&#8221;W3siaWQiOiI5ZTI2YjZhMy0xYzJlLTRiNGQtYTk1MC1hNDJiZDdkNTQyZWIiLCJjb25kaXRpb24iOiJtZW1iZXJwcmVzc3Byb2R1Y3QiLCJjb25kaXRpb25TZXR0aW5ncyI6eyJkeW5hbWljUG9zdHNEaXNwbGF5IjoiaXNOb3QiLCJkeW5hbWljUG9zdHMiOlt7ImxhYmVsIjoiVGFiYXJhIFx1MDIxOWl2YWlzbSAyMDIxIiwidmFsdWUiOiI2OTM1OSJ9XSwicG9zdFR5cGVMYWJlbCI6Ik1lbWJlcnNoaXBzIiwiYWRtaW5MYWJlbCI6Ik1lbWJlcnNoaXBzIiwiZW5hYmxlQ29uZGl0aW9uIjoib24ifSwib3BlcmF0b3IiOiJPUiJ9XQ==&#8221; global_colors_info=&#8221;{}&#8221;][\/et_pb_button][\/et_pb_column][\/et_pb_row][et_pb_row column_structure=&#8221;1_3,2_3&#8243; use_custom_gutter=&#8221;on&#8221; gutter_width=&#8221;1&#8243; disabled_on=&#8221;on|on|on&#8221; _builder_version=&#8221;4.20.0&#8243; _module_preset=&#8221;default&#8221; width=&#8221;92%&#8221; max_width=&#8221;100%&#8221; display_conditions=&#8221;W3siaWQiOiI5NmI0ZTBiMC05ZDlmLTQzOTktOGJiMC0zZTE3OGE2MDZmOTEiLCJjb25kaXRpb24iOiJtZW1iZXJwcmVzc3Byb2R1Y3QiLCJjb25kaXRpb25TZXR0aW5ncyI6eyJkeW5hbWljUG9zdHNEaXNwbGF5IjoiaXNOb3QiLCJkeW5hbWljUG9zdHMiOlt7ImxhYmVsIjoiVGFiYXJhIFx1MDIxOWl2YWlzbSAyMDIxIiwidmFsdWUiOiI2OTM1OSJ9XSwicG9zdFR5cGVMYWJlbCI6Ik1lbWJlcnNoaXBzIiwiYWRtaW5MYWJlbCI6Ik1lbWJlcnNoaXBzIiwiZW5hYmxlQ29uZGl0aW9uIjoib24ifSwib3BlcmF0b3IiOiJPUiJ9XQ==&#8221; custom_padding=&#8221;||0px|||&#8221; disabled=&#8221;on&#8221; global_colors_info=&#8221;{}&#8221;][et_pb_column type=&#8221;1_3&#8243; _builder_version=&#8221;4.16&#8243; _module_preset=&#8221;default&#8221; global_colors_info=&#8221;{}&#8221;][et_pb_text _builder_version=&#8221;4.16&#8243; _module_preset=&#8221;default&#8221; header_4_font=&#8221;|700|||||||&#8221; header_4_text_color=&#8221;#2f0167&#8243; custom_padding=&#8221;12px||8px||false|false&#8221; text_text_shadow_style=&#8221;preset3&#8243; text_text_shadow_color=&#8221;#FFFFFF&#8221; global_colors_info=&#8221;{}&#8221;]<\/p>\n<h4>Nu ai primit cod pentru aceast\u0103 tab\u0103r\u0103 \u0219i vrei s\u0103 te \u00eenscrii?<\/h4>\n<p>[\/et_pb_text][\/et_pb_column][et_pb_column type=&#8221;2_3&#8243; _builder_version=&#8221;4.16&#8243; _module_preset=&#8221;default&#8221; global_colors_info=&#8221;{}&#8221;][et_pb_button button_url=&#8221;https:\/\/misa.yoga\/anunturi-organizatorice-2\/#1645305002566-5918bc78-8c6d&#8221; url_new_window=&#8221;on&#8221; button_text=&#8221;\u00censcriere&#8221; _builder_version=&#8221;4.16&#8243; _module_preset=&#8221;default&#8221; custom_button=&#8221;on&#8221; button_text_color=&#8221;#FFFFFF&#8221; button_bg_color=&#8221;#4C1553&#8243; button_letter_spacing=&#8221;2px&#8221; button_font=&#8221;||||||||&#8221; button_icon=&#8221;&#x35;||divi||400&#8243; custom_padding=&#8221;|30px|||false|false&#8221; global_colors_info=&#8221;{}&#8221;][\/et_pb_button][\/et_pb_column][\/et_pb_row][et_pb_row _builder_version=&#8221;4.16&#8243; _module_preset=&#8221;default&#8221; global_colors_info=&#8221;{}&#8221;][et_pb_column type=&#8221;4_4&#8243; _builder_version=&#8221;4.16&#8243; _module_preset=&#8221;default&#8221; global_colors_info=&#8221;{}&#8221;][\/et_pb_column][\/et_pb_row][\/et_pb_section][et_pb_section fb_built=&#8221;1&#8243; _builder_version=&#8221;4.16&#8243; _module_preset=&#8221;default&#8221; global_colors_info=&#8221;{}&#8221;][et_pb_row column_structure=&#8221;1_3,2_3&#8243; make_equal=&#8221;on&#8221; disabled_on=&#8221;off|off|off&#8221; _builder_version=&#8221;4.16&#8243; _module_preset=&#8221;default&#8221; global_colors_info=&#8221;{}&#8221;][et_pb_column type=&#8221;1_3&#8243; _builder_version=&#8221;4.16&#8243; _module_preset=&#8221;default&#8221; global_colors_info=&#8221;{}&#8221;][et_pb_divider color=&#8221;#FFFFFF&#8221; divider_weight=&#8221;3px&#8221; color_tablet=&#8221;&#8221; color_phone=&#8221;#E02B20&#8243; color_last_edited=&#8221;on|phone&#8221; disabled_on=&#8221;off|off|off&#8221; _builder_version=&#8221;4.20.0&#8243; _module_preset=&#8221;default&#8221; width=&#8221;40%&#8221; global_colors_info=&#8221;{}&#8221;][\/et_pb_divider][et_pb_image src=&#8221;https:\/\/events.misatv.ro\/wp-content\/uploads\/2021\/07\/Yantra-Kali.png&#8221; title_text=&#8221;Yantra Kali&#8221; align=&#8221;right&#8221; align_tablet=&#8221;&#8221; align_phone=&#8221;left&#8221; align_last_edited=&#8221;on|phone&#8221; disabled_on=&#8221;on|on|on&#8221; _builder_version=&#8221;4.16&#8243; _module_preset=&#8221;default&#8221; disabled=&#8221;on&#8221; global_colors_info=&#8221;{}&#8221;][\/et_pb_image][\/et_pb_column][et_pb_column type=&#8221;2_3&#8243; _builder_version=&#8221;4.16&#8243; _module_preset=&#8221;default&#8221; global_colors_info=&#8221;{}&#8221;][et_pb_divider color=&#8221;#E02B20&#8243; divider_weight=&#8221;3px&#8221; disabled_on=&#8221;on|off|off&#8221; _builder_version=&#8221;4.16&#8243; _module_preset=&#8221;default&#8221; width=&#8221;40%&#8221; global_colors_info=&#8221;{}&#8221;][\/et_pb_divider][et_pb_text _builder_version=&#8221;4.24.0&#8243; _module_preset=&#8221;default&#8221; text_font_size=&#8221;18px&#8221; header_4_text_color=&#8221;#2f0167&#8243; header_4_line_height=&#8221;1.1em&#8221; global_colors_info=&#8221;{}&#8221;]<\/p>\n<p>&#8220;A true spiritual Guide is the one who, with the godly power that comes to him in huge waves from God, impels us, giving us his own example. Thus he opens our being to the heavenly and helps us take the first steps with him beyond the gate of Paradise: the ineffable gate of spiritual knowledge.&#8221; &#8211; Yoga Teacher Emeritus Gregorian Bivolaru<\/p>\n<p>[\/et_pb_text][\/et_pb_column][\/et_pb_row][\/et_pb_section]<\/p>\n","protected":false},"excerpt":{"rendered":"<p>Camp for deepening the spiritual Guide &#8211; aspirantinitiatic relationship,March 6th \u2013 13th, 2026This spiritual event provides a suitable context for deepening the mystical initiatory relationship between the Spiritual Guide and the aspirant through an intensive spiritual programme. The camp will be supported with the spiritual integration specific to this event.Are you already registered with a [&hellip;]<\/p>\n","protected":false},"author":3416,"featured_media":0,"parent":0,"menu_order":0,"comment_status":"closed","ping_status":"closed","template":"","meta":{"_et_pb_use_builder":"on","_et_pb_old_content":"","_et_gb_content_width":"","footnotes":""},"class_list":["post-104081","page","type-page","status-publish","hentry"],"_links":{"self":[{"href":"https:\/\/events.misatv.ro\/en\/wp-json\/wp\/v2\/pages\/104081","targetHints":{"allow":["GET"]}}],"collection":[{"href":"https:\/\/events.misatv.ro\/en\/wp-json\/wp\/v2\/pages"}],"about":[{"href":"https:\/\/events.misatv.ro\/en\/wp-json\/wp\/v2\/types\/page"}],"author":[{"embeddable":true,"href":"https:\/\/events.misatv.ro\/en\/wp-json\/wp\/v2\/users\/3416"}],"replies":[{"embeddable":true,"href":"https:\/\/events.misatv.ro\/en\/wp-json\/wp\/v2\/comments?post=104081"}],"version-history":[{"count":12,"href":"https:\/\/events.misatv.ro\/en\/wp-json\/wp\/v2\/pages\/104081\/revisions"}],"predecessor-version":[{"id":189563,"href":"https:\/\/events.misatv.ro\/en\/wp-json\/wp\/v2\/pages\/104081\/revisions\/189563"}],"wp:attachment":[{"href":"https:\/\/events.misatv.ro\/en\/wp-json\/wp\/v2\/media?parent=104081"}],"curies":[{"name":"wp","href":"https:\/\/api.w.org\/{rel}","templated":true}]}}