{"id":60630,"date":"2021-04-08T21:27:10","date_gmt":"2021-04-08T18:27:10","guid":{"rendered":"https:\/\/events.misatv.ro\/?page_id=60630"},"modified":"2021-04-08T21:27:10","modified_gmt":"2021-04-08T18:27:10","slug":"requisitos-tecnicos","status":"publish","type":"page","link":"https:\/\/events.misatv.ro\/es\/requisitos-tecnicos\/","title":{"rendered":"Requisitos t\u00e9cnicos"},"content":{"rendered":"<p>Requisitos t\u00e9cnicos y consejos para una buena visualizaci\u00f3n del Campamento y\u00f3guico internacional de vacaciones en l\u00ednea:<\/p>\n<ul>\n<li>Aseg\u00farese de tener una buena conexi\u00f3n a Internet. Para una recepci\u00f3n de m\u00e1xima calidad se necesita una banda de descarga constante de min 1.5Mbps. Para comprobar su ancho de banda, por favor compru\u00e9belo peri\u00f3dicamente aqu\u00ed:\u00a0<strong><a href=\"https:\/\/www.speedtest.net\/\" target=\"_blank\" rel=\"noopener noreferrer\">speedtest<\/a><\/strong><br \/>\nPulse el bot\u00f3n \u201cGO\u201d y, finalmente, compruebe qu\u00e9 banda est\u00e1 disponible para su descarga y carga.<\/li>\n<li>Si su banda de Internet est\u00e1 por debajo de 1.5Mbps constantemente, le recomendamos que utilice el bot\u00f3n \u201cCHANGE TO RADIO\u201d \u2013 \u201cRADIO\u201d debajo del reproductor. De esta manera s\u00f3lo recibir\u00e1 audio, pero necesitar\u00e1 una banda 9 veces m\u00e1s peque\u00f1a, de unos 150 Kbps, que suele ser un requisito com\u00fan y f\u00e1cilmente alcanzable.<\/li>\n<li><strong>\u00a1Atenci\u00f3n!<\/strong>\u00a0Un c\u00f3digo de acceso solo se puede utilizar una vez, despu\u00e9s de lo cual expira y ya no se puede utilizar.<\/li>\n<li>\u00a1S\u00f3lo se puede ver el programa de audio \/ v\u00eddeo del campamento desde un dispositivo a la vez!\u00a0Si inicia sesi\u00f3n y abre el sitio desde un segundo dispositivo, la p\u00e1gina en vivo permitir\u00e1 la funci\u00f3n de reproducci\u00f3n solo desde el \u00faltimo dispositivo conectado.<\/li>\n<\/ul>\n","protected":false},"excerpt":{"rendered":"<p>Requisitos t\u00e9cnicos y consejos para una buena visualizaci\u00f3n del Campamento y\u00f3guico internacional de vacaciones en l\u00ednea: Aseg\u00farese de tener una buena conexi\u00f3n a Internet. Para una recepci\u00f3n de m\u00e1xima calidad se necesita una banda de descarga constante de min 1.5Mbps. Para comprobar su ancho de banda, por favor compru\u00e9belo peri\u00f3dicamente aqu\u00ed:\u00a0speedtest Pulse el bot\u00f3n \u201cGO\u201d [&hellip;]<\/p>\n","protected":false},"author":5,"featured_media":0,"parent":0,"menu_order":0,"comment_status":"closed","ping_status":"closed","template":"","meta":{"_et_pb_use_builder":"","_et_pb_old_content":"","_et_gb_content_width":"","footnotes":""},"class_list":["post-60630","page","type-page","status-publish","hentry"],"_links":{"self":[{"href":"https:\/\/events.misatv.ro\/es\/wp-json\/wp\/v2\/pages\/60630","targetHints":{"allow":["GET"]}}],"collection":[{"href":"https:\/\/events.misatv.ro\/es\/wp-json\/wp\/v2\/pages"}],"about":[{"href":"https:\/\/events.misatv.ro\/es\/wp-json\/wp\/v2\/types\/page"}],"author":[{"embeddable":true,"href":"https:\/\/events.misatv.ro\/es\/wp-json\/wp\/v2\/users\/5"}],"replies":[{"embeddable":true,"href":"https:\/\/events.misatv.ro\/es\/wp-json\/wp\/v2\/comments?post=60630"}],"version-history":[{"count":1,"href":"https:\/\/events.misatv.ro\/es\/wp-json\/wp\/v2\/pages\/60630\/revisions"}],"predecessor-version":[{"id":60631,"href":"https:\/\/events.misatv.ro\/es\/wp-json\/wp\/v2\/pages\/60630\/revisions\/60631"}],"wp:attachment":[{"href":"https:\/\/events.misatv.ro\/es\/wp-json\/wp\/v2\/media?parent=60630"}],"curies":[{"name":"wp","href":"https:\/\/api.w.org\/{rel}","templated":true}]}}