{"id":60642,"date":"2021-04-08T21:35:19","date_gmt":"2021-04-08T18:35:19","guid":{"rendered":"https:\/\/events.misatv.ro\/?page_id=60642"},"modified":"2021-04-08T21:35:19","modified_gmt":"2021-04-08T18:35:19","slug":"metodo-de-proteccion-al-acceder-el-internet","status":"publish","type":"page","link":"https:\/\/events.misatv.ro\/es\/metodo-de-proteccion-al-acceder-el-internet\/","title":{"rendered":"M\u00e9todo de protecci\u00f3n al acceder el internet"},"content":{"rendered":"<p>Cada vez que abrimos un dispositivo espec\u00edfico para acceder y conectarnos a internet hagamos, tres veces la Se\u00f1al de la Cruz en direcci\u00f3n de ese dispositivo, luego, decimos la f\u00f3rmula:<span class=\"Apple-converted-space\">\u00a0<\/span><\/p>\n<p><b><span class=\"Apple-converted-space\">\u00a0<\/span>\u201cEn el nombre del Padre Celestial Dios, en el nombre de Su Hijo Jes\u00fas, y en el nombre del Esp\u00edritu Santo. \u00a1Am\u00e9n!\u201d<\/b><\/p>\n<p>Al final de cada Se\u00f1al de la Cruz y decir la formula espec\u00edfica, a\u00f1adiremos la siguiente invocaci\u00f3n:<span class=\"Apple-converted-space\">\u00a0<\/span><\/p>\n<p><b>\u201cInvoco aqu\u00ed y ahora, con plena fe, con humildad y con esperanza justificada, la manifestaci\u00f3n de la Omnipotencia Deifica que aniquila inmediatamente,<span class=\"Apple-converted-space\">\u00a0\u00a0<\/span>total e incondicionalmente, a lo largo de toda la duraci\u00f3n de esta acci\u00f3n, cualquier influencia diab\u00f3lica, sat\u00e1nica que pueda ser ejercitada en y a trav\u00e9s de este dispositivo.<\/b><\/p>\n<p><b>\u00a1Que as\u00ed me ayude Dios! \u00a1Am\u00e9n! \u00a1Am\u00e9n! \u00a1Am\u00e9n!\u201d<\/b><\/p>\n<p>Esta f\u00f3rmula exorcizante ser\u00e1 pronunciada de este modo 3 veces en serie. Despu\u00e9s de pronunciar estas palabras, tratemos sentir un indescriptible estado de profunda seguridad y protecci\u00f3n especial deifica, cada vez.<\/p>\n<p>Al acceder a internet, es decir antes de \u201centrar en l\u00ednea\u201d, consagraremos los frutos de esta acci\u00f3n a Dios Padre.<\/p>\n<p>Inmediatamente despu\u00e9s de la consagraci\u00f3n (y haber recibido una respuesta deifica, positiva, afirmativa), haremos tres bendiciones distintas, usando la siguiente f\u00f3rmula:<\/p>\n<p><b>\u201cSe\u00f1or Dios, Padre Celestial, te imploro con<span class=\"Apple-converted-space\">\u00a0\u00a0<\/span>humildad que bendigas este m\u00e9todo del que ahora har\u00e9 uso, a trav\u00e9s de la energ\u00eda de tu bendici\u00f3n deifica y te imploro<span class=\"Apple-converted-space\">\u00a0\u00a0<\/span>que aniquiles total e incondicionalmente, por toda la duraci\u00f3n de este uso, cualquier influencia mal\u00e9fica, demon\u00edaca, sat\u00e1nica, que puede ser ejecutada por las artima\u00f1as del malo y astuto, vertiendo sobre ella, a trav\u00e9s de m\u00ed, Tu Gracia Suprema. H\u00e1gase Tu Voluntad. Amen\u201d<\/b><\/p>\n","protected":false},"excerpt":{"rendered":"<p>Cada vez que abrimos un dispositivo espec\u00edfico para acceder y conectarnos a internet hagamos, tres veces la Se\u00f1al de la Cruz en direcci\u00f3n de ese dispositivo, luego, decimos la f\u00f3rmula:\u00a0 \u00a0\u201cEn el nombre del Padre Celestial Dios, en el nombre de Su Hijo Jes\u00fas, y en el nombre del Esp\u00edritu Santo. \u00a1Am\u00e9n!\u201d Al final de [&hellip;]<\/p>\n","protected":false},"author":5,"featured_media":0,"parent":0,"menu_order":0,"comment_status":"closed","ping_status":"closed","template":"","meta":{"_et_pb_use_builder":"","_et_pb_old_content":"","_et_gb_content_width":"","footnotes":""},"class_list":["post-60642","page","type-page","status-publish","hentry"],"_links":{"self":[{"href":"https:\/\/events.misatv.ro\/es\/wp-json\/wp\/v2\/pages\/60642","targetHints":{"allow":["GET"]}}],"collection":[{"href":"https:\/\/events.misatv.ro\/es\/wp-json\/wp\/v2\/pages"}],"about":[{"href":"https:\/\/events.misatv.ro\/es\/wp-json\/wp\/v2\/types\/page"}],"author":[{"embeddable":true,"href":"https:\/\/events.misatv.ro\/es\/wp-json\/wp\/v2\/users\/5"}],"replies":[{"embeddable":true,"href":"https:\/\/events.misatv.ro\/es\/wp-json\/wp\/v2\/comments?post=60642"}],"version-history":[{"count":1,"href":"https:\/\/events.misatv.ro\/es\/wp-json\/wp\/v2\/pages\/60642\/revisions"}],"predecessor-version":[{"id":60643,"href":"https:\/\/events.misatv.ro\/es\/wp-json\/wp\/v2\/pages\/60642\/revisions\/60643"}],"wp:attachment":[{"href":"https:\/\/events.misatv.ro\/es\/wp-json\/wp\/v2\/media?parent=60642"}],"curies":[{"name":"wp","href":"https:\/\/api.w.org\/{rel}","templated":true}]}}