{"id":60916,"date":"2021-01-01T23:21:10","date_gmt":"2021-01-01T21:21:10","guid":{"rendered":"https:\/\/events.misatv.ro\/contact\/"},"modified":"2026-03-11T13:35:54","modified_gmt":"2026-03-11T11:35:54","slug":"contacto","status":"publish","type":"page","link":"https:\/\/events.misatv.ro\/es\/contacto\/","title":{"rendered":"Contacto 2026"},"content":{"rendered":"<p>[et_pb_section fb_built=&#8221;1&#8243; fullwidth=&#8221;on&#8221; _builder_version=&#8221;4.16&#8243; global_colors_info=&#8221;{}&#8221;][et_pb_fullwidth_image src=&#8221;https:\/\/events.misatv.ro\/wp-content\/uploads\/2021\/11\/contact_shivasim.jpg&#8221; title_text=&#8221;contact_shivasim&#8221; _builder_version=&#8221;4.16&#8243; _module_preset=&#8221;default&#8221; global_colors_info=&#8221;{}&#8221;][\/et_pb_fullwidth_image][\/et_pb_section][et_pb_section fb_built=&#8221;1&#8243; admin_label=&#8221;Contact Info Section&#8221; _builder_version=&#8221;4.16&#8243; background_color=&#8221;#fafbfc&#8221; custom_padding=&#8221;110px|0px|110px|0px&#8221; global_colors_info=&#8221;{}&#8221;][et_pb_row column_structure=&#8221;3_5,2_5&#8243; _builder_version=&#8221;4.16&#8243; global_colors_info=&#8221;{}&#8221;][et_pb_column type=&#8221;3_5&#8243; _builder_version=&#8221;4.16&#8243; custom_padding=&#8221;|||&#8221; global_colors_info=&#8221;{}&#8221; custom_padding__hover=&#8221;|||&#8221;][dvppl_cf7_styler cf7=&#8221;60909&#8243; disabled_on=&#8221;on|on|on&#8221; admin_label=&#8221;Contact tabere general&#8221; _builder_version=&#8221;4.27.6&#8243; _module_preset=&#8221;default&#8221; disabled=&#8221;on&#8221; global_colors_info=&#8221;{}&#8221;][\/dvppl_cf7_styler][dvppl_cf7_styler cf7=&#8221;194431&#8243; admin_label=&#8221;Contact 12 martie&#8221; _builder_version=&#8221;4.27.6&#8243; _module_preset=&#8221;default&#8221; hover_enabled=&#8221;0&#8243; global_colors_info=&#8221;{}&#8221; sticky_enabled=&#8221;0&#8243;][\/dvppl_cf7_styler][\/et_pb_column][et_pb_column type=&#8221;2_5&#8243; _builder_version=&#8221;4.16&#8243; custom_padding=&#8221;|||&#8221; global_colors_info=&#8221;{}&#8221; custom_padding__hover=&#8221;|||&#8221;][et_pb_code _builder_version=&#8221;4.27.6&#8243; _module_preset=&#8221;default&#8221; hover_enabled=&#8221;0&#8243; sticky_enabled=&#8221;0&#8243; admin_label=&#8221;Contact&#8221; disabled_on=&#8221;on|on|on&#8221; disabled=&#8221;on&#8221;]<\/p>\n<div style=\"side-bar\"><!-- [et_pb_line_break_holder] --><strong>Participants:<\/strong><!\u2013- [et_pb_br_holder] -\u2013><!-- [et_pb_line_break_holder] -->Email: <a href=\"mailto:tabereonline@gmail.com\" target=\"_blank\" rel=\"noopener\"> tabereonline@gmail.com<\/a><!\u2013- [et_pb_br_holder] -\u2013><!-- [et_pb_line_break_holder] -->  <!-- [et_pb_line_break_holder] --><!-- Telefon: <a href=\"tel:0040738240939\" target=\"_blank\" rel=\"noopener\">0738.240.939.<\/a><!\u2013- [et_pb_br_holder] -\u2013><!-- [et_pb_line_break_holder] -->  Telegram: <a href=\"https:\/\/t.me\/tabaraonline\" target=\"_blank\" rel=\"noopener\">https:\/\/t.me\/tabaraonline<\/a> &#8211;><!-- [et_pb_line_break_holder] --><!-- [et_pb_line_break_holder] --><\/div>\n<p>[\/et_pb_code][et_pb_code _builder_version=&#8221;4.27.6&#8243; _module_preset=&#8221;default&#8221; hover_enabled=&#8221;0&#8243; sticky_enabled=&#8221;0&#8243; admin_label=&#8221;Contact 12 martie&#8221;]<\/p>\n<div style=\"side-bar\"><!-- [et_pb_line_break_holder] --><strong>Participants:<\/strong><!\u2013- [et_pb_br_holder] -\u2013><!-- [et_pb_line_break_holder] -->Email: <a href=\"mailto:sarbatorispirituale@gmail.com\" target=\"_blank\" rel=\"noopener\"> sarbatorispirituale@gmail.com<\/a><!\u2013- [et_pb_br_holder] -\u2013><!-- [et_pb_line_break_holder] -->  <!-- [et_pb_line_break_holder] --><!-- Telefon: <a href=\"tel:0040738240939\" target=\"_blank\" rel=\"noopener\">0738.240.939.<\/a><!\u2013- [et_pb_br_holder] -\u2013><!-- [et_pb_line_break_holder] -->  Telegram: <a href=\"https:\/\/t.me\/tabaraonline\" target=\"_blank\" rel=\"noopener\">https:\/\/t.me\/tabaraonline<\/a> &#8211;><!-- [et_pb_line_break_holder] --><!-- [et_pb_line_break_holder] --><\/div>\n<p>[\/et_pb_code][\/et_pb_column][\/et_pb_row][\/et_pb_section]<\/p>\n","protected":false},"excerpt":{"rendered":"<p><div class=\"et_pb_module dvppl_cf7_styler dvppl_cf7_styler_1\">\n\t\t\t\t\n\t\t\t\t\n\t\t\t\t\n\t\t\t\t\n\t\t\t\t\n\t\t\t\t\n\t\t\t\t<div class=\"et_pb_module_inner\">\n\t\t\t\t\t<div class=\"dipe-cf7-container dipe-cf7-button-left\">\n\t\t\t\t\n\t\t\t\t<div class=\"dipe-cf7 dipe-cf7-styler \">\n\t\t\t\t\t\n<div class=\"wpcf7 no-js\" id=\"wpcf7-f194431-o1\" lang=\"ro-RO\" dir=\"ltr\" data-wpcf7-id=\"194431\">\n<div class=\"screen-reader-response\"><p role=\"status\" aria-live=\"polite\" aria-atomic=\"true\"><\/p> <ul><\/ul><\/div>\n<form action=\"\/es\/wp-json\/wp\/v2\/pages\/60916#wpcf7-f194431-o1\" method=\"post\" class=\"wpcf7-form init\" aria-label=\"Contact form\" novalidate=\"novalidate\" data-status=\"init\">\n<fieldset class=\"hidden-fields-container\"><input type=\"hidden\" name=\"_wpcf7\" value=\"194431\" \/><input type=\"hidden\" name=\"_wpcf7_version\" value=\"6.1.5\" \/><input type=\"hidden\" name=\"_wpcf7_locale\" value=\"ro_RO\" \/><input type=\"hidden\" name=\"_wpcf7_unit_tag\" value=\"wpcf7-f194431-o1\" \/><input type=\"hidden\" name=\"_wpcf7_container_post\" value=\"0\" \/><input type=\"hidden\" name=\"_wpcf7_posted_data_hash\" value=\"\" \/>\n<\/fieldset>\n<div class=\"wpcf7-turnstile cf-turnstile\" data-sitekey=\"0x4AAAAAABl5ty_OSQEXyEzn\" data-response-field-name=\"_wpcf7_turnstile_response\"><\/div>\n\n<div class=\"dp-row\">\n\t\t\t\t\n<div class=\"dp-col dp-col-12 dp-col-md-6 dp-col-lg-6\">\n\t\t\t\t\n    <label> Nombre y apellido (obligatorio)<span class=\"wpcf7-form-control-wrap\" data-name=\"Nume\"><input size=\"40\" maxlength=\"400\" class=\"wpcf7-form-control wpcf7-text wpcf7-validates-as-required\" aria-required=\"true\" aria-invalid=\"false\" value=\"\" type=\"text\" name=\"Nume\" \/><\/span> <\/label>\n\n        \t<\/div>\n<div class=\"dp-col dp-col-12 dp-col-md-6 dp-col-lg-6\">\n\t\t\t\t\n<label> Su correo electr\u00f3nico (obligatorio) <span class=\"wpcf7-form-control-wrap\" data-name=\"your-email\"><input size=\"40\" maxlength=\"400\" class=\"wpcf7-form-control wpcf7-email wpcf7-validates-as-required wpcf7-text wpcf7-validates-as-email\" aria-required=\"true\" aria-invalid=\"false\" value=\"\" type=\"email\" name=\"your-email\" \/><\/span><\/label>\n\n        \t<\/div>\n\n        \t<\/div>\n\n<div class=\"dp-row\">\n\t\t\t\t\n<div class=\"dp-col dp-col-12 dp-col-md-6 dp-col-lg-6\">\n\t\t\t\t\n<label> A\u00f1o de curso (obligatorio) <span class=\"wpcf7-form-control-wrap\" data-name=\"an-curs\"><input size=\"40\" maxlength=\"400\" class=\"wpcf7-form-control wpcf7-text wpcf7-validates-as-required\" aria-required=\"true\" aria-invalid=\"false\" value=\"\" type=\"text\" name=\"an-curs\" \/><\/span> <\/label>\n\n        \t<\/div>\n<div class=\"dp-col dp-col-12 dp-col-md-6 dp-col-lg-6\">\n\t\t\t\t\n<label> Ciudad (obligatorio)<span class=\"wpcf7-form-control-wrap\" data-name=\"oras\"><input size=\"40\" maxlength=\"400\" class=\"wpcf7-form-control wpcf7-text wpcf7-validates-as-required\" aria-required=\"true\" aria-invalid=\"false\" value=\"\" type=\"text\" name=\"oras\" \/><\/span> <\/label>\n\n        \t<\/div>\n\n        \t<\/div>\n\n<span class=\"wpcf7-form-control-wrap\" data-name=\"Tip\"><select class=\"wpcf7-form-control wpcf7-select wpcf7-validates-as-required\" aria-required=\"true\" aria-invalid=\"false\" name=\"Tip\"><option value=\"Relato\">Relato<\/option><option value=\"Pregunta\">Pregunta<\/option><option value=\"MCT\">MCT<\/option><option value=\"Pregunta MCT\">Pregunta MCT<\/option><\/select><\/span>\n\n<label><br>El t\u00edtulo de la conferencia a la que se refiere la pregunta (incluido el n\u00famero cuando proceda) o el t\u00edtulo de la meditaci\u00f3n a la que se refiere el relato, por ejemplo, la Ley del M\u00e9todo Parte 2\n    <span class=\"wpcf7-form-control-wrap\" data-name=\"nume-activitate\"><input size=\"40\" maxlength=\"400\" class=\"wpcf7-form-control wpcf7-text wpcf7-validates-as-required\" aria-required=\"true\" aria-invalid=\"false\" value=\"\" type=\"text\" name=\"nume-activitate\" \/><\/span> <\/label>\n\n<label><br> Contenido <span class=\"wpcf7-form-control-wrap\" data-name=\"your-message\"><textarea cols=\"40\" rows=\"10\" maxlength=\"2000\" class=\"wpcf7-form-control wpcf7-textarea\" aria-invalid=\"false\" name=\"your-message\"><\/textarea><\/span> <\/label>\n<input class=\"wpcf7-form-control wpcf7-hidden\" value=\"Contact ES\" type=\"hidden\" name=\"your-subject\" \/>\n\n<input class=\"wpcf7-form-control wpcf7-submit has-spinner\" type=\"submit\" value=\"Enviar\" \/><div class=\"wpcf7-response-output\" aria-hidden=\"true\"><\/div>\n<\/form>\n<\/div>\n\n\t\t\t\t<\/div>\n\t\t\t<\/div>\n\t\t\t\t<\/div>\n\t\t\t<\/div><\/p>\n","protected":false},"author":3,"featured_media":0,"parent":0,"menu_order":0,"comment_status":"closed","ping_status":"closed","template":"","meta":{"_et_pb_use_builder":"on","_et_pb_old_content":"","_et_gb_content_width":"","footnotes":""},"class_list":["post-60916","page","type-page","status-publish","hentry"],"_links":{"self":[{"href":"https:\/\/events.misatv.ro\/es\/wp-json\/wp\/v2\/pages\/60916","targetHints":{"allow":["GET"]}}],"collection":[{"href":"https:\/\/events.misatv.ro\/es\/wp-json\/wp\/v2\/pages"}],"about":[{"href":"https:\/\/events.misatv.ro\/es\/wp-json\/wp\/v2\/types\/page"}],"author":[{"embeddable":true,"href":"https:\/\/events.misatv.ro\/es\/wp-json\/wp\/v2\/users\/3"}],"replies":[{"embeddable":true,"href":"https:\/\/events.misatv.ro\/es\/wp-json\/wp\/v2\/comments?post=60916"}],"version-history":[{"count":13,"href":"https:\/\/events.misatv.ro\/es\/wp-json\/wp\/v2\/pages\/60916\/revisions"}],"predecessor-version":[{"id":194455,"href":"https:\/\/events.misatv.ro\/es\/wp-json\/wp\/v2\/pages\/60916\/revisions\/194455"}],"wp:attachment":[{"href":"https:\/\/events.misatv.ro\/es\/wp-json\/wp\/v2\/media?parent=60916"}],"curies":[{"name":"wp","href":"https:\/\/api.w.org\/{rel}","templated":true}]}}