{"id":60932,"date":"2020-09-29T10:03:00","date_gmt":"2020-09-29T07:03:00","guid":{"rendered":"https:\/\/events.misatv.ro\/regulament\/"},"modified":"2021-04-23T10:15:09","modified_gmt":"2021-04-23T07:15:09","slug":"normas-del-campamento-yoguico-de-vacaciones-en-linea","status":"publish","type":"page","link":"https:\/\/events.misatv.ro\/es\/normas-del-campamento-yoguico-de-vacaciones-en-linea\/","title":{"rendered":"Normas del Campamento Y\u00f3guico de Vacaciones En Lin\u00e9a"},"content":{"rendered":"<ul>\n<li>las actividades del campamento est\u00e1n reservadas para personas mayores de 18 a\u00f1os. Al firmar previamente el\u00a0<strong>Formulario de registro<\/strong>\u00a0y al aceptar los\u00a0<strong>T\u00e9rminos y condiciones de acceso<\/strong>\u00a0a esta p\u00e1gina web, usted confirma que tiene m\u00e1s de 18 a\u00f1os.<\/li>\n<li>el\u00a0<strong>c\u00f3digo de acceso<\/strong>\u00a0al sitio del campamento es \u00fanico e intransmisible. Os rogamos comprender que, si encontramos intentos de conexiones con el mismo c\u00f3digo simult\u00e1neamente en diferentes lugares, bloquearemos el acceso a dicho c\u00f3digo.<\/li>\n<li>los participantes recibir\u00e1n, despu\u00e9s del campamento, cuando las condiciones lo permitan,\u00a0<strong>materiales de regalo<\/strong>, al igual que en cada campamento.<\/li>\n<li>el\u00a0<strong>programa detallado<\/strong>\u00a0estar\u00e1 disponible en la p\u00e1gina web del campamento. Es posible que para algunas de las conferencias en primera audici\u00f3n, aparezcan cambios de \u00faltima hora en relaci\u00f3n con la\u00a0\u00a0duraci\u00f3n o la hora de inicio. Estos cambios se anunciar\u00e1n a tiempo y se se\u00f1alar\u00e1n\u00a0\u00a0visiblemente en el programa.<\/li>\n<li>recomendamos a los participantes\u00a0\u00a0realizar antes de cada conexi\u00f3n el\u00a0<strong>m\u00e9todo de protecci\u00f3n para el acceso a internet,<\/strong>\u00a0que encontrar\u00e1 detallado en la p\u00e1gina web\u00a0<a href=\"http:\/\/www.yogaesoteric.net\/content.aspx?lang=RO&amp;item=10976\">yogaesoteric.net<\/a>, y que estar\u00e1 presentado tambi\u00e9n en esta p\u00e1gina web al comienzo de cada segmento del programa.<\/li>\n<li>en el caso de tener\u00a0\u00a0<strong>preguntas y problemas t\u00e9cnicos<\/strong>, tiene a su disposici\u00f3n una ventana de chat en el lado derecho de la pantalla. Atenci\u00f3n, en el chat no se responder\u00e1 a las preguntas relacionadas con el contenido de las conferencias, sino exclusivamente a las\u00a0\u00a0preguntas con car\u00e1cter t\u00e9cnico o administrativo.<\/li>\n<li>est\u00e1n\u00a0\u00a0invitados a enviar\u00a0<strong>relatos o preguntas relevantes,<\/strong>\u00a0con sentido, ya sea por correo electr\u00f3nico a tabaraonline2021@gmail.com, o directamente en la p\u00e1gina de Contacto del sitio web, especificando cada vez: el nombre, apellido, a\u00f1o del curso y el lugar de residencia, el t\u00edtulo de la conferencia o meditaci\u00f3n, seg\u00fan el caso, (y si la conferencia tiene varias partes, especifique a qu\u00e9 parte se refiere). A estas preguntas se responder\u00e1 durante los pr\u00f3ximos campamentos y\u00f3guicos de vacaci\u00f3n. No recibir\u00e1n respuestas individualmente, por correo electr\u00f3nico.<\/li>\n<li>en este campamento no estar\u00e1n disponibles los\u00a0<strong>Programas informativos<\/strong>, por motivos objetivos. Estos Programas estar\u00e1n, sin embargo, disponibles en los pr\u00f3ximos campamentos de Herculane y Costinesti.<\/li>\n<li>las personas que se registren en la p\u00e1gina web\u00a0<strong>despu\u00e9s del inicio del campamento<\/strong>participar\u00e1n s\u00f3lo a las actividades de los d\u00edas restantes, no podr\u00e1n solicitar una posible retransmisi\u00f3n de las actividades que perdieron.<\/li>\n<li>Para poder recibir a tiempo las\u00a0<strong>actualizaciones\u00a0<\/strong>pertinentes (por ejemplo, sobre los posibles cambios en el programa), puede suscribirse al canal de Telegram dedicado al campamento, utilizando este enlace\u00a0<a href=\"https:\/\/t.me\/tabaraonline\">https:\/\/t.me\/tabaraonline<\/a>. Este no es un grupo de discusi\u00f3n, no se responder\u00e1n preguntas, s\u00f3lo se publicar\u00e1n anuncios.<\/li>\n<\/ul>\n","protected":false},"excerpt":{"rendered":"<p>las actividades del campamento est\u00e1n reservadas para personas mayores de 18 a\u00f1os. Al firmar previamente el\u00a0Formulario de registro\u00a0y al aceptar los\u00a0T\u00e9rminos y condiciones de acceso\u00a0a esta p\u00e1gina web, usted confirma que tiene m\u00e1s de 18 a\u00f1os. el\u00a0c\u00f3digo de acceso\u00a0al sitio del campamento es \u00fanico e intransmisible. Os rogamos comprender que, si encontramos intentos de conexiones [&hellip;]<\/p>\n","protected":false},"author":3,"featured_media":0,"parent":0,"menu_order":0,"comment_status":"closed","ping_status":"closed","template":"","meta":{"_et_pb_use_builder":"","_et_pb_old_content":"","_et_gb_content_width":"","footnotes":""},"class_list":["post-60932","page","type-page","status-publish","hentry"],"_links":{"self":[{"href":"https:\/\/events.misatv.ro\/es\/wp-json\/wp\/v2\/pages\/60932","targetHints":{"allow":["GET"]}}],"collection":[{"href":"https:\/\/events.misatv.ro\/es\/wp-json\/wp\/v2\/pages"}],"about":[{"href":"https:\/\/events.misatv.ro\/es\/wp-json\/wp\/v2\/types\/page"}],"author":[{"embeddable":true,"href":"https:\/\/events.misatv.ro\/es\/wp-json\/wp\/v2\/users\/3"}],"replies":[{"embeddable":true,"href":"https:\/\/events.misatv.ro\/es\/wp-json\/wp\/v2\/comments?post=60932"}],"version-history":[{"count":3,"href":"https:\/\/events.misatv.ro\/es\/wp-json\/wp\/v2\/pages\/60932\/revisions"}],"predecessor-version":[{"id":61070,"href":"https:\/\/events.misatv.ro\/es\/wp-json\/wp\/v2\/pages\/60932\/revisions\/61070"}],"wp:attachment":[{"href":"https:\/\/events.misatv.ro\/es\/wp-json\/wp\/v2\/media?parent=60932"}],"curies":[{"name":"wp","href":"https:\/\/api.w.org\/{rel}","templated":true}]}}