{"id":81836,"date":"2022-03-12T15:59:47","date_gmt":"2022-03-12T13:59:47","guid":{"rendered":"https:\/\/events.misatv.ro\/?page_id=81836"},"modified":"2026-03-07T20:37:13","modified_gmt":"2026-03-07T18:37:13","slug":"evenimente-spirituale-misa","status":"publish","type":"page","link":"https:\/\/events.misatv.ro\/es\/","title":{"rendered":"Eventos espirituales MISA 2026"},"content":{"rendered":"<p>[et_pb_section fb_built=&#8221;1&#8243; admin_label=&#8221;Hero Section&#8221; _builder_version=&#8221;4.16&#8243; background_color_gradient_direction=&#8221;72deg&#8221; global_colors_info=&#8221;{}&#8221;][et_pb_row admin_label=&#8221;Title&#8221; _builder_version=&#8221;4.16&#8243; _module_preset=&#8221;default&#8221; global_colors_info=&#8221;{}&#8221;][et_pb_column type=&#8221;4_4&#8243; _builder_version=&#8221;4.16&#8243; _module_preset=&#8221;default&#8221; global_colors_info=&#8221;{}&#8221;][et_pb_text disabled_on=&#8221;on|on|on&#8221; admin_label=&#8221;Evenimente Spirituala MISA&#8221; _builder_version=&#8221;4.16&#8243; text_font=&#8221;||||||||&#8221; header_font=&#8221;Poppins||||||||&#8221; header_text_color=&#8221;#5a5096&#8243; header_font_size=&#8221;56px&#8221; header_line_height=&#8221;1.3em&#8221; custom_padding=&#8221;||||false|false&#8221; animation_style=&#8221;fade&#8221; header_font_size_tablet=&#8221;40px&#8221; header_font_size_phone=&#8221;30px&#8221; header_font_size_last_edited=&#8221;on|phone&#8221; disabled=&#8221;on&#8221; global_colors_info=&#8221;{}&#8221;]<\/p>\n<h1>Evenimente Spirituale MISA<\/h1>\n<p>[\/et_pb_text][\/et_pb_column][\/et_pb_row][et_pb_row admin_label=&#8221;Title&#8221; _builder_version=&#8221;4.16&#8243; _module_preset=&#8221;default&#8221; global_colors_info=&#8221;{}&#8221;][et_pb_column type=&#8221;4_4&#8243; _builder_version=&#8221;4.16&#8243; _module_preset=&#8221;default&#8221; global_colors_info=&#8221;{}&#8221;][et_pb_text disabled_on=&#8221;on|on|on&#8221; admin_label=&#8221;register to events&#8221; _builder_version=&#8221;4.20.0&#8243; text_font=&#8221;||||||||&#8221; header_font=&#8221;Poppins||||||||&#8221; header_text_color=&#8221;#5a5096&#8243; header_font_size=&#8221;56px&#8221; header_line_height=&#8221;1.3em&#8221; custom_padding=&#8221;||||false|false&#8221; animation_style=&#8221;fade&#8221; header_font_size_tablet=&#8221;40px&#8221; header_font_size_phone=&#8221;30px&#8221; header_font_size_last_edited=&#8221;on|phone&#8221; disabled=&#8221;on&#8221; global_colors_info=&#8221;{}&#8221;]<\/p>\n<h2><\/h2>\n<p>[\/et_pb_text][et_pb_text disabled_on=&#8221;on|on|on&#8221; admin_label=&#8221;register to events&#8221; _builder_version=&#8221;4.20.0&#8243; text_font=&#8221;||||||||&#8221; header_font=&#8221;Poppins||||||||&#8221; header_text_color=&#8221;#5a5096&#8243; header_font_size=&#8221;56px&#8221; header_line_height=&#8221;1.3em&#8221; custom_padding=&#8221;||||false|false&#8221; animation_style=&#8221;fade&#8221; header_font_size_tablet=&#8221;40px&#8221; header_font_size_phone=&#8221;30px&#8221; header_font_size_last_edited=&#8221;on|phone&#8221; disabled=&#8221;on&#8221; global_colors_info=&#8221;{}&#8221;]<\/p>\n<h2><\/h2>\n<p>[\/et_pb_text][\/et_pb_column][\/et_pb_row][et_pb_row column_structure=&#8221;1_2,1_2&#8243; use_custom_gutter=&#8221;on&#8221; gutter_width=&#8221;2&#8243; admin_label=&#8221;Evenimente&#8221; _builder_version=&#8221;4.16&#8243; background_size=&#8221;initial&#8221; background_position=&#8221;top_left&#8221; background_repeat=&#8221;repeat&#8221; global_colors_info=&#8221;{}&#8221;][et_pb_column type=&#8221;1_2&#8243; _builder_version=&#8221;4.16&#8243; global_colors_info=&#8221;{}&#8221; custom_padding__hover=&#8221;|||&#8221;][et_pb_image src=&#8221;https:\/\/events.misatv.ro\/wp-content\/uploads\/2022\/02\/Ghid-aspirant-pentru-mobil-B-2.png&#8221; title_text=&#8221;Ghid aspirant pentru mobil B 2&#8243; disabled_on=&#8221;on|on|on&#8221; admin_label=&#8221;Image Ghid&#8221; _builder_version=&#8221;4.27.4&#8243; _module_preset=&#8221;default&#8221; disabled=&#8221;on&#8221; global_colors_info=&#8221;{}&#8221;][\/et_pb_image][et_pb_cta title=&#8221;Retiro para la relaci\u00f3n Gu\u00eda espiritual \u2013 aspirante &#8221; button_url=&#8221;@ET-DC@eyJkeW5hbWljIjp0cnVlLCJjb250ZW50IjoicG9zdF9saW5rX3VybF9wYWdlIiwic2V0dGluZ3MiOnsicG9zdF9pZCI6IjEwNDA4MiJ9fQ==@&#8221; button_text=&#8221;Acceder&#8221; disabled_on=&#8221;on|on|on&#8221; admin_label=&#8221;Call To Action Ghid&#8221; _builder_version=&#8221;4.27.4&#8243; _dynamic_attributes=&#8221;button_url&#8221; _module_preset=&#8221;default&#8221; header_font=&#8221;|600|||||||&#8221; background_enable_color=&#8221;off&#8221; custom_button=&#8221;on&#8221; button_text_color=&#8221;#FFFFFF&#8221; button_bg_color=&#8221;#ff7e00&#8243; background_layout=&#8221;light&#8221; disabled=&#8221;on&#8221; global_colors_info=&#8221;{}&#8221;][\/et_pb_cta][\/et_pb_column][et_pb_column type=&#8221;1_2&#8243; _builder_version=&#8221;4.16&#8243; custom_padding=&#8221;|||&#8221; global_colors_info=&#8221;{}&#8221; custom_padding__hover=&#8221;|||&#8221;][et_pb_image src=&#8221;https:\/\/events.misatv.ro\/wp-content\/uploads\/2022\/03\/12-martie-2022-landing-page-mobile.png&#8221; title_text=&#8221;12 martie 2022 landing page mobile&#8221; src_tablet=&#8221;https:\/\/events.misatv.ro\/wp-content\/uploads\/2021\/12\/Tabara-sinele-2021-mobile-2.png&#8221; src_phone=&#8221;https:\/\/events.misatv.ro\/wp-content\/uploads\/2021\/12\/Tabara-sinele-2021-mobile-2.png&#8221; src_last_edited=&#8221;on|phone&#8221; disabled_on=&#8221;off|off|off&#8221; admin_label=&#8221;Image 12 martie&#8221; _builder_version=&#8221;4.27.6&#8243; _module_preset=&#8221;default&#8221; hover_enabled=&#8221;0&#8243; global_colors_info=&#8221;{}&#8221; sticky_enabled=&#8221;0&#8243;][\/et_pb_image][et_pb_cta title=&#8221;Festejo Espiritual Especial \u2013 el 12 de marzo&#8221; button_url=&#8221;@ET-DC@eyJkeW5hbWljIjp0cnVlLCJjb250ZW50IjoicG9zdF9saW5rX3VybF9wYWdlIiwic2V0dGluZ3MiOnsicG9zdF9pZCI6IjEwNDExOSJ9fQ==@&#8221; button_text=&#8221;Acceder&#8221; disabled_on=&#8221;off|off|off&#8221; admin_label=&#8221;Call To Action 12 martie&#8221; _builder_version=&#8221;4.27.6&#8243; _dynamic_attributes=&#8221;button_url&#8221; _module_preset=&#8221;default&#8221; header_font=&#8221;|600|||||||&#8221; body_font=&#8221;||||||||&#8221; background_enable_color=&#8221;off&#8221; custom_button=&#8221;on&#8221; button_text_color=&#8221;#FFFFFF&#8221; button_bg_color=&#8221;#ff7e00&#8243; background_layout=&#8221;light&#8221; hover_enabled=&#8221;0&#8243; global_colors_info=&#8221;{}&#8221; sticky_enabled=&#8221;0&#8243;][\/et_pb_cta][\/et_pb_column][\/et_pb_row][et_pb_row column_structure=&#8221;1_2,1_2&#8243; disabled_on=&#8221;on|on|on&#8221; admin_label=&#8221;Register\/Login&#8221; _builder_version=&#8221;4.16&#8243; background_size=&#8221;initial&#8221; background_position=&#8221;top_left&#8221; background_repeat=&#8221;repeat&#8221; disabled=&#8221;on&#8221; global_colors_info=&#8221;{}&#8221;][et_pb_column type=&#8221;1_2&#8243; _builder_version=&#8221;4.16&#8243; custom_padding=&#8221;||||false|false&#8221; global_colors_info=&#8221;{}&#8221; custom_padding__hover=&#8221;|||&#8221;][et_pb_cta title=&#8221;Dac\u0103 e\u0219ti prima dat\u0103 pe site \u0219i vrei s\u0103 te \u00eenregistrezi apas\u0103:&#8221; button_url=&#8221;@ET-DC@eyJkeW5hbWljIjp0cnVlLCJjb250ZW50IjoicG9zdF9saW5rX3VybF9wYWdlIiwic2V0dGluZ3MiOnsicG9zdF9pZCI6IjcwOTcwIn19@&#8221; button_text=&#8221;\u00cenregistrare&#8221; admin_label=&#8221;Call To Action Register&#8221; _builder_version=&#8221;4.16&#8243; _dynamic_attributes=&#8221;button_url&#8221; _module_preset=&#8221;default&#8221; header_font=&#8221;|600|||||||&#8221; background_enable_color=&#8221;off&#8221; custom_button=&#8221;on&#8221; button_text_color=&#8221;#FFFFFF&#8221; button_bg_color=&#8221;#ff7e00&#8243; background_layout=&#8221;light&#8221; global_colors_info=&#8221;{}&#8221;][\/et_pb_cta][\/et_pb_column][et_pb_column type=&#8221;1_2&#8243; _builder_version=&#8221;4.16&#8243; custom_padding=&#8221;|||&#8221; global_colors_info=&#8221;{}&#8221; custom_padding__hover=&#8221;|||&#8221;][et_pb_cta title=&#8221;Dac\u0103 deja te-ai \u00eenregistrat pentru un eveniment pe acest site atunci apas\u0103:&#8221; button_url=&#8221;#&#8221; button_text=&#8221;Login&#8221; admin_label=&#8221;Call To Action Login&#8221; _builder_version=&#8221;4.16&#8243; _module_preset=&#8221;default&#8221; header_font=&#8221;|600|||||||&#8221; body_font=&#8221;||||||||&#8221; background_enable_color=&#8221;off&#8221; custom_button=&#8221;on&#8221; button_text_color=&#8221;#FFFFFF&#8221; button_bg_color=&#8221;#ff7e00&#8243; background_layout=&#8221;light&#8221; global_colors_info=&#8221;{}&#8221;][\/et_pb_cta][\/et_pb_column][\/et_pb_row][\/et_pb_section]<\/p>\n","protected":false},"excerpt":{"rendered":"<p>Evenimente Spirituale MISA<\/p>\n","protected":false},"author":3416,"featured_media":0,"parent":0,"menu_order":0,"comment_status":"closed","ping_status":"closed","template":"","meta":{"_et_pb_use_builder":"on","_et_pb_old_content":"","_et_gb_content_width":"","footnotes":""},"class_list":["post-81836","page","type-page","status-publish","hentry"],"_links":{"self":[{"href":"https:\/\/events.misatv.ro\/es\/wp-json\/wp\/v2\/pages\/81836","targetHints":{"allow":["GET"]}}],"collection":[{"href":"https:\/\/events.misatv.ro\/es\/wp-json\/wp\/v2\/pages"}],"about":[{"href":"https:\/\/events.misatv.ro\/es\/wp-json\/wp\/v2\/types\/page"}],"author":[{"embeddable":true,"href":"https:\/\/events.misatv.ro\/es\/wp-json\/wp\/v2\/users\/3416"}],"replies":[{"embeddable":true,"href":"https:\/\/events.misatv.ro\/es\/wp-json\/wp\/v2\/comments?post=81836"}],"version-history":[{"count":15,"href":"https:\/\/events.misatv.ro\/es\/wp-json\/wp\/v2\/pages\/81836\/revisions"}],"predecessor-version":[{"id":191220,"href":"https:\/\/events.misatv.ro\/es\/wp-json\/wp\/v2\/pages\/81836\/revisions\/191220"}],"wp:attachment":[{"href":"https:\/\/events.misatv.ro\/es\/wp-json\/wp\/v2\/media?parent=81836"}],"curies":[{"name":"wp","href":"https:\/\/api.w.org\/{rel}","templated":true}]}}