{"id":109176,"date":"2023-04-21T20:42:05","date_gmt":"2023-04-21T17:42:05","guid":{"rendered":"https:\/\/events.misatv.ro\/?page_id=109176"},"modified":"2025-04-24T21:47:58","modified_gmt":"2025-04-24T18:47:58","slug":"jelentkezes-a-nemzetkozi-joga-tavaszi-taborba","status":"publish","type":"page","link":"https:\/\/events.misatv.ro\/hu\/jelentkezes-a-nemzetkozi-joga-tavaszi-taborba\/","title":{"rendered":"Jelentkez\u00e9s a 2025-es Nemzetk\u00f6zi J\u00f3ga Tavaszi T\u00e1borba"},"content":{"rendered":"Ha m\u00e1r regisztr\u00e1lt\u00e1l az esem\u00e9ny platformj\u00e1n (pl. \u00d6n 2023 decembere ut\u00e1n vett r\u00e9szt online spiritu\u00e1lis esem\u00e9nyeken.), akkor k\u00e9rj\u00fck, <a href=\"https:\/\/events.misatv.ro\/hu\/belepes\/\">el\u0151sz\u00f6r jelentkezz be a platformra<\/a> (haszn\u00e1ld ugyanazt az e-mail c\u00edmet \u00e9s jelsz\u00f3t, amit az el\u0151z\u0151 online rendezv\u00e9nyen haszn\u00e1lt\u00e1l), majd regisztr\u00e1lj! \u00cdgy nem kell \u00fajabb fi\u00f3kot l\u00e9trehoznod, k\u00fcl\u00f6n erre az esem\u00e9nyre.<\/p>\n<div>\n<div>\n<p class=\"Body\"><span lang=\"DE\">Ha m\u00e1r regisztr\u00e1lt \u00e9s kapt\u00e1l bel\u00e9p\u00e9si k\u00f3dot a 2025-es Tavaszi Nemzetk\u00f6zi J\u00f3gat\u00e1borba, de kor\u00e1bban m\u00e9g nem regisztr\u00e1lt a weboldalon, k\u00e9rj\u00fck, t\u00f6ltsd ki az al\u00e1bbi mez\u0151ket, hogy folytatni tudd a regisztr\u00e1ci\u00f3s folyamatot ezen az oldalon!<\/span><\/p>\n<\/div>\n<\/div>\n<p>Tudom\u00e1sul vettem a <a href=\"https:\/\/events.misatv.ro\/hu\/belepesi-feltetelek\/\">Bel\u00e9p\u00e9si felt\u00e9teleket \u00e9s kit\u00e9teket<\/a>, valamint <a href=\"https:\/\/events.misatv.ro\/hu\/az-online-vakacios-jogatabor-szabalyzata\/\">az online esem\u00e9nyek Szab\u00e1lyzat\u00e1t<\/a>, \u00e9s egyet\u00e9rtek ezekkel.<\/p>\n<p><form id=\"register-form\">\n    <div class=\"row\">\n        <div class=\"col text-center mw-100\" style=\"padding-bottom: 15px;\"><input id=\"input-email\" type=\"email\" class=\"form-control-lg mw-100\" placeholder=\"Introduceti Email\" required style=\"width: 90%; padding-left: 10px;\" \/><\/div>\n    <\/div>\n    <div class=\"row\">\n        <div class=\"col text-center mw-100\" style=\"padding-bottom: 15px;\"><input id=\"input-reemail\" type=\"email\" class=\"form-control-lg mw-100\" placeholder=\"Reintroduceti Email\" required style=\"width: 90%; padding-left: 10px;\" \/><\/div>\n    <\/div>\n    <div class=\"row\">\n        <div class=\"col text-center mw-100\" style=\"padding-bottom: 15px;\"><input id=\"input-password\" type=\"password\" class=\"form-control-lg mw-100\" placeholder=\"Parola\" required style=\"width: 90%; padding-left: 10px;\" \/><\/div>\n    <\/div>\n    <div class=\"row\">\n        <div class=\"col text-center mw-100\" style=\"padding-bottom: 15px;\"><input id=\"input-repassword\" type=\"password\" class=\"form-control-lg mw-100\" placeholder=\"Reintroduceti Parola\" required style=\"width: 90%; padding-left: 10px;\" \/><\/div>\n    <\/div>\n    <div class=\"row\">\n        <div class=\"col text-center mw-100\" style=\"padding-bottom: 15px;\"><input id=\"input-cod\" type=\"text\" class=\"form-control-lg mw-100\" placeholder=\"COD\" required style=\"width: 90%; padding-left: 10px;\" \/><\/div>\n    <\/div>\n    <div class=\"row\">\n        <div class=\"col text-center mw-100\" style=\"padding-bottom: 15px;\"><input type=\"submit\" class=\"form-control-lg text-center mw-100 btn btn-primary\" name=\"Trimite\" value=\"Trimite\" required style=\"width: 90%;\" \/><\/div>\n    <\/div>\n<\/form>\n\n<script>\n\t\t\t\t\tlet msgs = {};\n\t\t\t\t\t\t\t\t\t\t\t\/\/let msgs['invalid_email'] = \"The email address is invalid.\";\n\t\t\t\t\t\tmsgs['invalid_email'] = \"The email address is invalid.\";\n\t\t\t\t\t\t\t\t\t\t\t\t\/\/let msgs['already_email'] = \"Az e-mail c\u00edm m\u00e1r haszn\u00e1latban van. K\u00e9rj\u00fck, jelentkezzen be.\";\n\t\t\t\t\t\tmsgs['already_email'] = \"Az e-mail c\u00edm m\u00e1r haszn\u00e1latban van. K\u00e9rj\u00fck, jelentkezzen be.\";\n\t\t\t\t\t\t\t\t\t\t\t\t\/\/let msgs['invalid_code'] = \"A be\u00edrt k\u00f3d helytelen. K\u00e9rj\u00fck, ellen\u0151rizze le.\";\n\t\t\t\t\t\tmsgs['invalid_code'] = \"A be\u00edrt k\u00f3d helytelen. K\u00e9rj\u00fck, ellen\u0151rizze le.\";\n\t\t\t\t\t\t\t\t\t\t\t\t\/\/let msgs['used_code'] = \"Ez a k\u00f3d m\u00e1r haszn\u00e1latban van.\";\n\t\t\t\t\t\tmsgs['used_code'] = \"Ez a k\u00f3d m\u00e1r haszn\u00e1latban van.\";\n\t\t\t\t\t\t\t\t\t\t\t\t\/\/let msgs['expired_code'] = \"Ennek a k\u00f3dnak az \u00e9rv\u00e9nyess\u00e9ge lej\u00e1rt.\";\n\t\t\t\t\t\tmsgs['expired_code'] = \"Ennek a k\u00f3dnak az \u00e9rv\u00e9nyess\u00e9ge lej\u00e1rt.\";\n\t\t\t\t\t\t\t\t\t\t\t\t\/\/let msgs['mismatch_email'] = \"Az e-mail c\u00edmek nem azonosak.\";\n\t\t\t\t\t\tmsgs['mismatch_email'] = \"Az e-mail c\u00edmek nem azonosak.\";\n\t\t\t\t\t\t\t\t\t\t\t\t\/\/let msgs['mismatch_password'] = \"A jelsz\u00f3k nem azonosak.\";\n\t\t\t\t\t\tmsgs['mismatch_password'] = \"A jelsz\u00f3k nem azonosak.\";\n\t\t\t\t\t\t\t\t\t\t\t\t\/\/let msgs['password_length'] = \"The password is invalid.\";\n\t\t\t\t\t\tmsgs['password_length'] = \"The password is invalid.\";\n\t\t\t\t\t\t\t\n\n    jQuery.noConflict();\n    jQuery(document).ready(function ($) {\n\t$('#input-cod').keyup(function() {\n              $(this).val($(this).val().replace(\/[^a-zA-Z0-9\\s]\/g,''));\n        });\n\n        $('#register-form').submit(function (e) {\n            e.preventDefault();\n\n            if ($('#input-email').val() != $('#input-reemail').val()) {\n\t\t\t\tif (msgs[\"mismatch_email\"]) {\n\t\t\t\t\talert(msgs[\"mismatch_email\"]);\n\t\t\t\t} else {\n                \talert(\"Emailurile nu coincid\");\n\t\t\t\t}\n                return;\n            }\n\n            if ($('#input-password').val() != $('#input-repassword').val()) {\n\t\t\t\tif (msgs[\"mismatch_password\"]) {\n                    alert(msgs[\"mismatch_password\"]);\n                } else {\n                    alert(\"Parolele nu coincid\");\n                }\n                return;\n            }\n            \n            let password = $('#input-password').val();\n            password = password.trim();\n            \n            if (password.length < 8) {\n\t\t\t\tif (msgs[\"password_length\"]) {\n                    alert(msgs[\"password_length\"]);\n                } else {\n                alert(\"Parola prea scurta, minim 8 caractere\");\n                }\n                return;\n            }\n\n            $.post(\"\/cursuri-register-signup\", {\n                'email': $('#input-email').val(),\n                'password': password,\n                'cod': $('#input-cod').val(),\n                'skip_membership': '68298'\n            }, function (ret) {\n                if (!ret.success) {\n\n\t\t\t\t\tif (ret.data && ret.data.err_code &&  msgs[ret.data.err_code]) {\n                    \talert(msgs[ret.data.err_code]);\n\t\t\t\t\t} else {\n                    \talert(ret.data.message);\n\t\t\t\t\t}\n                    return;\n                }\n\n                document.location = '\/succes-deplin\/';\n                \/*\n                 if (ret.data.redirect) {\n                 document.location = '\/' + ret.data.redirect + '\/';\n                 } else {\n                 document.location = '\/acces-cursuri\/';\n                 }\n                 *\/\n\n            }, 'json');\n        });\n    });\n<\/script>\n<br \/>\n\n\n\n<\/div>\n","protected":false},"excerpt":{"rendered":"","protected":false},"author":3416,"featured_media":0,"parent":0,"menu_order":0,"comment_status":"closed","ping_status":"closed","template":"","meta":{"_et_pb_use_builder":"","_et_pb_old_content":"","_et_gb_content_width":"","footnotes":""},"class_list":["post-109176","page","type-page","status-publish","hentry"],"_links":{"self":[{"href":"https:\/\/events.misatv.ro\/hu\/wp-json\/wp\/v2\/pages\/109176","targetHints":{"allow":["GET"]}}],"collection":[{"href":"https:\/\/events.misatv.ro\/hu\/wp-json\/wp\/v2\/pages"}],"about":[{"href":"https:\/\/events.misatv.ro\/hu\/wp-json\/wp\/v2\/types\/page"}],"author":[{"embeddable":true,"href":"https:\/\/events.misatv.ro\/hu\/wp-json\/wp\/v2\/users\/3416"}],"replies":[{"embeddable":true,"href":"https:\/\/events.misatv.ro\/hu\/wp-json\/wp\/v2\/comments?post=109176"}],"version-history":[{"count":7,"href":"https:\/\/events.misatv.ro\/hu\/wp-json\/wp\/v2\/pages\/109176\/revisions"}],"predecessor-version":[{"id":167146,"href":"https:\/\/events.misatv.ro\/hu\/wp-json\/wp\/v2\/pages\/109176\/revisions\/167146"}],"wp:attachment":[{"href":"https:\/\/events.misatv.ro\/hu\/wp-json\/wp\/v2\/media?parent=109176"}],"curies":[{"name":"wp","href":"https:\/\/api.w.org\/{rel}","templated":true}]}}