{"id":46272,"date":"2020-09-23T15:09:22","date_gmt":"2020-09-23T15:09:22","guid":{"rendered":"https:\/\/events.misatv.ro\/login\/"},"modified":"2023-12-22T17:01:20","modified_gmt":"2023-12-22T15:01:20","slug":"belepes","status":"publish","type":"page","link":"https:\/\/events.misatv.ro\/hu\/belepes\/","title":{"rendered":"Bel\u00e9p\u00e9s"},"content":{"rendered":"<h3><span style=\"color: #000080;\">Az el\u0151z\u0151 fi\u00f3kok let\u00f6rl\u0151dtek \u00e9s<span class=\"Apple-converted-space\">\u00a0 <\/span>minden r\u00e9sztvev\u0151 sz\u00fcks\u00e9ges \u00fajra regisztr\u00e1ljon az email c\u00edm\u00e9vel az <b>events.misatv.ro<\/b> platformon.<\/span><\/h3>\n\n<div class=\"mp_wrapper mp_login_form\">\n                  <!-- mp-login-form-start -->     <form name=\"mepr_loginform\" id=\"mepr_loginform\" class=\"mepr-form\" action=\"https:\/\/events.misatv.ro\/login\/\" method=\"post\">\n            <div class=\"mp-form-row mepr_username\">\n        <div class=\"mp-form-label\">\n                              <label for=\"user_login\">Felhaszn\u00e1l\u00f3n\u00e9v vagy email<\/label>\n        <\/div>\n        <input type=\"text\" name=\"log\" id=\"user_login\" value=\"\" \/>\n      <\/div>\n      <div class=\"mp-form-row mepr_password\">\n        <div class=\"mp-form-label\">\n          <label for=\"user_pass\">Jelsz\u00f3<\/label>\n          <div class=\"mp-hide-pw\">\n            <input type=\"password\" name=\"pwd\" id=\"user_pass\" value=\"\" \/>\n            <button type=\"button\" class=\"button mp-hide-pw hide-if-no-js\" data-toggle=\"0\" aria-label=\"Mutasd a jelsz\u00f3t\">\n              <span class=\"dashicons dashicons-visibility\" aria-hidden=\"true\"><\/span>\n            <\/button>\n          <\/div>\n        <\/div>\n      <\/div>\n            <div>\n        <label><input name=\"rememberme\" type=\"checkbox\" id=\"rememberme\" value=\"forever\" \/> Eml\u00e9kezz r\u00e1m<\/label>\n      <\/div>\n      <div class=\"mp-spacer\">&nbsp;<\/div>\n      <div class=\"submit\">\n        <input type=\"submit\" name=\"wp-submit\" id=\"wp-submit\" class=\"button-primary mepr-share-button \" value=\"Bejelentkez\u00e9s\" \/>\n        <input type=\"hidden\" name=\"redirect_to\" value=\"\/\" \/>\n        <input type=\"hidden\" name=\"mepr_process_login_form\" value=\"true\" \/>\n        <input type=\"hidden\" name=\"mepr_is_login_page\" value=\"true\" \/>\n      <\/div>\n    <\/form>\n    <div class=\"mp-spacer\">&nbsp;<\/div>\n    <div class=\"mepr-login-actions\">\n        <a\n          href=\"https:\/\/events.misatv.ro\/login\/?action=forgot_password\"\n          title=\"Click here to reset your password\"\n        >\n          Elfelejtett jelsz\u00f3        <\/a>\n    <\/div>\n\n      \n    <!-- mp-login-form-end --> \n  <\/div>\n\n","protected":false},"excerpt":{"rendered":"<p>Az el\u0151z\u0151 fi\u00f3kok let\u00f6rl\u0151dtek \u00e9s\u00a0 minden r\u00e9sztvev\u0151 sz\u00fcks\u00e9ges \u00fajra regisztr\u00e1ljon az email c\u00edm\u00e9vel az events.misatv.ro platformon.<\/p>\n","protected":false},"author":1890,"featured_media":0,"parent":0,"menu_order":0,"comment_status":"closed","ping_status":"closed","template":"","meta":{"_et_pb_use_builder":"","_et_pb_old_content":"","_et_gb_content_width":"","footnotes":""},"class_list":["post-46272","page","type-page","status-publish","hentry"],"_links":{"self":[{"href":"https:\/\/events.misatv.ro\/hu\/wp-json\/wp\/v2\/pages\/46272","targetHints":{"allow":["GET"]}}],"collection":[{"href":"https:\/\/events.misatv.ro\/hu\/wp-json\/wp\/v2\/pages"}],"about":[{"href":"https:\/\/events.misatv.ro\/hu\/wp-json\/wp\/v2\/types\/page"}],"author":[{"embeddable":true,"href":"https:\/\/events.misatv.ro\/hu\/wp-json\/wp\/v2\/users\/1890"}],"replies":[{"embeddable":true,"href":"https:\/\/events.misatv.ro\/hu\/wp-json\/wp\/v2\/comments?post=46272"}],"version-history":[{"count":5,"href":"https:\/\/events.misatv.ro\/hu\/wp-json\/wp\/v2\/pages\/46272\/revisions"}],"predecessor-version":[{"id":126997,"href":"https:\/\/events.misatv.ro\/hu\/wp-json\/wp\/v2\/pages\/46272\/revisions\/126997"}],"wp:attachment":[{"href":"https:\/\/events.misatv.ro\/hu\/wp-json\/wp\/v2\/media?parent=46272"}],"curies":[{"name":"wp","href":"https:\/\/api.w.org\/{rel}","templated":true}]}}