{"id":60626,"date":"2021-04-08T21:25:58","date_gmt":"2021-04-08T18:25:58","guid":{"rendered":"https:\/\/events.misatv.ro\/?page_id=60626"},"modified":"2021-04-08T21:25:58","modified_gmt":"2021-04-08T18:25:58","slug":"muszaki-kovetelmenyek","status":"publish","type":"page","link":"https:\/\/events.misatv.ro\/hu\/muszaki-kovetelmenyek\/","title":{"rendered":"M\u0171szaki k\u00f6vetelm\u00e9nyek"},"content":{"rendered":"<p>M\u0171szaki k\u00f6vetelm\u00e9nyek \u00e9s tan\u00e1csok az online nemzetk\u00f6zi J\u00f3gat\u00e1bor tev\u00e9kenys\u00e9geihez val\u00f3 min\u0151s\u00e9gi csatlakoz\u00e1s \u00e9rdek\u00e9ben:<\/p>\n<ul>\n<li>Bizonyosodjon meg r\u00f3la, hogy megfelel\u0151 min\u0151s\u00e9g\u0171 internet-kapcsolattal rendelkezik. A legjobb min\u0151s\u00e9g\u0171 v\u00e9telez\u00e9shez minimum 1,5 Mbps-os \u00e1lland\u00f3 let\u00f6lt\u00e9si s\u00e1v sz\u00fcks\u00e9ges. Az \u00f6nn\u00e9l l\u00e9tez\u0151 internet-kapcsolat s\u00e1vsz\u00e9less\u00e9g\u00e9nek leellen\u0151rz\u00e9se \u00e9rdek\u00e9ben, k\u00e9rj\u00fck, rendszeresen kattintson ide:\u00a0<strong><a href=\"https:\/\/www.speedtest.net\/\" target=\"_blank\" rel=\"noopener noreferrer\">speedtest<\/a><\/strong><br \/>\nKattintson a \u201eGO\u201d gombra \u00e9s ut\u00e1na ellen\u0151rizze le, hogy mekkora felt\u00f6lt\u00e9si (upload) \u00e9s let\u00f6lt\u00e9si (download) s\u00e1v \u00e1ll a rendelkez\u00e9s\u00e9re.<\/li>\n<li>Ha az internet s\u00e1vsz\u00e9less\u00e9g folytonosan 1,5 Mbps alatt van, azt tan\u00e1csoljuk, haszn\u00e1lja a lej\u00e1tsz\u00f3 alatti \u201eCHANGE TO RADIO\u201d, illetve a \u201eRADIO\u201d gombot. \u00cdgy csak hangk\u00f6zvet\u00edt\u00e9st fog v\u00e9telezni, de ehhez 9-szer kisebb, k\u00f6r\u00fclbel\u00fcl 150 Kbps-os s\u00e1vsz\u00e9less\u00e9gre van csak sz\u00fcks\u00e9ge, amely el\u00e9gg\u00e9 szokv\u00e1nyos \u00e9s k\u00f6nnyebben fenntarthat\u00f3 a folytonoss\u00e1ga.<\/li>\n<li><strong>Figyelem!\u00a0<\/strong>Egy bel\u00e9p\u00e9si k\u00f3dot csak egyetlenegyszer lehet haszn\u00e1lni, azut\u00e1n \u00e9rv\u00e9ny\u00e9t veszti \u00e9s nem haszn\u00e1lhat\u00f3 \u00fajra.<\/li>\n<li>A t\u00e1bor audio\/video m\u0171sor\u00e1t egy adott pillanatban csak egy k\u00e9sz\u00fcl\u00e9ken tudja k\u00f6vetni. Abban az esetben, ha egy m\u00e1sodik k\u00e9sz\u00fcl\u00e9ken is bejelentkezik \u00e9s megnyitja a t\u00e1bor honlapj\u00e1t, a LIVE oldal csak a legut\u00f3bb csatlakozott k\u00e9sz\u00fcl\u00e9ken teszi lehet\u0151v\u00e9 a LEJ\u00c1TSZ\u00c1S-t (PLAY).<\/li>\n<\/ul>\n","protected":false},"excerpt":{"rendered":"<p>M\u0171szaki k\u00f6vetelm\u00e9nyek \u00e9s tan\u00e1csok az online nemzetk\u00f6zi J\u00f3gat\u00e1bor tev\u00e9kenys\u00e9geihez val\u00f3 min\u0151s\u00e9gi csatlakoz\u00e1s \u00e9rdek\u00e9ben: Bizonyosodjon meg r\u00f3la, hogy megfelel\u0151 min\u0151s\u00e9g\u0171 internet-kapcsolattal rendelkezik. A legjobb min\u0151s\u00e9g\u0171 v\u00e9telez\u00e9shez minimum 1,5 Mbps-os \u00e1lland\u00f3 let\u00f6lt\u00e9si s\u00e1v sz\u00fcks\u00e9ges. Az \u00f6nn\u00e9l l\u00e9tez\u0151 internet-kapcsolat s\u00e1vsz\u00e9less\u00e9g\u00e9nek leellen\u0151rz\u00e9se \u00e9rdek\u00e9ben, k\u00e9rj\u00fck, rendszeresen kattintson ide:\u00a0speedtest Kattintson a \u201eGO\u201d gombra \u00e9s ut\u00e1na ellen\u0151rizze le, hogy mekkora felt\u00f6lt\u00e9si (upload) [&hellip;]<\/p>\n","protected":false},"author":5,"featured_media":0,"parent":0,"menu_order":0,"comment_status":"closed","ping_status":"closed","template":"","meta":{"_et_pb_use_builder":"","_et_pb_old_content":"","_et_gb_content_width":"","footnotes":""},"class_list":["post-60626","page","type-page","status-publish","hentry"],"_links":{"self":[{"href":"https:\/\/events.misatv.ro\/hu\/wp-json\/wp\/v2\/pages\/60626","targetHints":{"allow":["GET"]}}],"collection":[{"href":"https:\/\/events.misatv.ro\/hu\/wp-json\/wp\/v2\/pages"}],"about":[{"href":"https:\/\/events.misatv.ro\/hu\/wp-json\/wp\/v2\/types\/page"}],"author":[{"embeddable":true,"href":"https:\/\/events.misatv.ro\/hu\/wp-json\/wp\/v2\/users\/5"}],"replies":[{"embeddable":true,"href":"https:\/\/events.misatv.ro\/hu\/wp-json\/wp\/v2\/comments?post=60626"}],"version-history":[{"count":1,"href":"https:\/\/events.misatv.ro\/hu\/wp-json\/wp\/v2\/pages\/60626\/revisions"}],"predecessor-version":[{"id":60627,"href":"https:\/\/events.misatv.ro\/hu\/wp-json\/wp\/v2\/pages\/60626\/revisions\/60627"}],"wp:attachment":[{"href":"https:\/\/events.misatv.ro\/hu\/wp-json\/wp\/v2\/media?parent=60626"}],"curies":[{"name":"wp","href":"https:\/\/api.w.org\/{rel}","templated":true}]}}