{"id":60929,"date":"2020-09-29T10:03:00","date_gmt":"2020-09-29T07:03:00","guid":{"rendered":"https:\/\/events.misatv.ro\/regulament\/"},"modified":"2024-02-12T14:01:00","modified_gmt":"2024-02-12T12:01:00","slug":"az-online-vakacios-jogatabor-szabalyzata","status":"publish","type":"page","link":"https:\/\/events.misatv.ro\/hu\/az-online-vakacios-jogatabor-szabalyzata\/","title":{"rendered":"Az online vak\u00e1ci\u00f3s j\u00f3gat\u00e1bor szab\u00e1lyzata"},"content":{"rendered":"<ul>\n<li>A t\u00e1bor tev\u00e9kenys\u00e9ge kiz\u00e1r\u00f3lag 18 \u00e9ven felettiek sz\u00e1m\u00e1ra enged\u00e9lyezett. A\u00a0<strong>Beirtakoz\u00e1si lap<\/strong>\u00a0el\u0151zetes kit\u00f6lt\u00e9s\u00e9vel \u00e9s a\u00a0<strong>R\u00e9szv\u00e9teli felt\u00e9telek\u00a0<\/strong>elfogad\u00e1s\u00e1val jelen oldalon, \u00d6n meger\u0151s\u00edti azt a t\u00e9nyt, hogy elm\u00falt 18 \u00e9ves.<\/li>\n<li>A t\u00e1bor oldal\u00e1ra val\u00f3\u00a0<strong>bel\u00e9p\u00e9si k\u00f3d<\/strong>\u00a0egyedi \u00e9s \u00e1t nem ruh\u00e1zhat\u00f3. K\u00e9rem, \u00e9rts\u00e9k meg, hogy amennyiben meg\u00e1llap\u00edtjuk, hogy ugyanazzal a k\u00f3ddal egyidej\u0171leg k\u00fcl\u00f6nb\u00f6z\u0151 helyekr\u0151l is megpr\u00f3b\u00e1lnak bel\u00e9pni, akkor az illet\u0151 k\u00f3dot le fogjuk tiltani.<\/li>\n<li>A r\u00e9sztvev\u0151k, a t\u00e1bor befejez\u00e9se ut\u00e1n, amikor a k\u00f6r\u00fclm\u00e9nyek ezt lehet\u0151v\u00e9 fogj\u00e1k tenni,\u00a0<strong>aj\u00e1nd\u00e9k anyagokat<\/strong>\u00a0fognak kapni, mint minden t\u00e1borban.<\/li>\n<li><strong>A t\u00e1bor r\u00e9szletes programja\u00a0<\/strong>a t\u00e1bor honlapj\u00e1n lesz el\u00e9rhet\u0151. El\u0151fordulhat, hogy egyes, most els\u0151 \u00edzben bemutatott el\u0151ad\u00e1sok eset\u00e9n az utols\u00f3 pillanatban lesznek v\u00e1ltoz\u00e1sok az el\u0151ad\u00e1s id\u0151tartam\u00e1ra \u00e9s a kezd\u00e9si id\u0151pontra vonatkoz\u00f3an. Ezeket a m\u00f3dos\u00edt\u00e1sokat id\u0151ben jelezni fogjuk, \u00e9s a t\u00e1bori programban j\u00f3l l\u00e1that\u00f3an jelezni fogjuk.<\/li>\n<li>A r\u00e9sztvev\u0151knek azt javasoljuk, hogy minden esetben, amikor csatlakoznak az internetre, v\u00e9gezz\u00e9k el a\u00a0<strong>v\u00e9delmi m\u00f3dszert az internetre val\u00f3 csatlakoz\u00e1shoz,\u00a0<\/strong>mely r\u00e9szletes le\u00edr\u00e1sa megtal\u00e1lhat\u00f3 a\u00a0<a href=\"http:\/\/www.yogaesoteric.net\/content.aspx?lang=RO&amp;item=10976\">yogaesoteric.net<\/a>\u00a0honlapon, \u00e9s ami be lesz mutatva a t\u00e1bori honlapon is, a program minden modulj\u00e1nak az elej\u00e9n.<\/li>\n<li>Amennyiben\u00a0<strong>technikai jelleg\u0171 k\u00e9rd\u00e9sekkel vagy probl\u00e9m\u00e1val<\/strong>\u00a0tal\u00e1lkoznak, rendelkez\u00e9s\u00fckre \u00e1ll a chat ablak, a k\u00e9perny\u0151 jobb oldal\u00e1n. Figyelem, a chat-en nem v\u00e1laszolnak az el\u0151ad\u00e1sok tartalm\u00e1val kapcsolatos k\u00e9rd\u00e9sekre, hanem kiz\u00e1r\u00f3lag a technikai vagy adminisztrat\u00edv jelleg\u0171ekre.<\/li>\n<li>K\u00e9rj\u00fck \u0150n\u00f6ket, hogy k\u00fcldjenek<strong>\u00a0besz\u00e1mol\u00f3kat, vagy a t\u00e9m\u00e1khoz kapcsol\u00f3d\u00f3 l\u00e9nyegret\u00f6r\u0151 k\u00e9rd\u00e9seket\u00a0<\/strong>ak\u00e1r a Kapcsol\u00f3d\u00f3 oldalon k\u00f6zvetlen\u00fcl el\u00e9rhet\u0151 k\u00e9rd\u0151\u00edven, ahol minden alkalommal t\u00fcntess\u00e9k fel a k\u00f6vetkez\u0151ket: vezet\u00e9kn\u00e9v, keresztn\u00e9v, j\u00f3ga \u00e9vfolyam, helys\u00e9gn\u00e9v, az el\u0151ad\u00e1s vagy p\u00e9ld\u00e1z\u00e1s c\u00edme, amivel kapcsolatban \u00edrnak (\u00e9s abban az esetben, ha az el\u0151ad\u00e1s t\u00f6bb r\u00e9szb\u0151l \u00e1ll, akkor azt is, hogy melyik r\u00e9szre utalnak). Ezekre a k\u00e9rd\u00e9sekre az elk\u00f6vetkezend\u0151 j\u00f3gat\u00e1borok keret\u00e9n bel\u00fcl fognak v\u00e1laszt kapni. Szem\u00e9lyesen, emailben nem fognak v\u00e1laszt kapni r\u00e1juk.<\/li>\n<li>Ebben a t\u00e1borban \u2013 objekt\u00edv okokb\u00f3l \u2013 nem tesz\u00fcnk k\u00f6zz\u00e9\u00a0kor\u00e1bban \u201e<strong>Buletin informativ\u201d (Informat\u00edv k\u00f6zl\u00f6ny)\u00a0<\/strong>c\u00edmen kiosztott kiadv\u00e1nyokat. Ezek a \u201e<strong>Buletin informativ\u201d<\/strong>\u00a0c\u00edm\u0171 kiadv\u00e1nyok viszont a k\u00f6vetkez\u0151 herkulesf\u00fcd\u0151i \u00e9s costinesti t\u00e1borokban p\u00f3tolva lesznek.\u00a0Azok a szem\u00e9lyek, akik a honlapra\u00a0<strong>a t\u00e1bor megkezd\u00e9se ut\u00e1n<\/strong>\u00a0k\u00e9s\u0151bb regisztr\u00e1lnak, csak a fennmarad\u00f3 napok tev\u00e9kenys\u00e9geiben fognak r\u00e9szt venni, teh\u00e1t nem k\u00e9rhetik valamely program esetleges ism\u00e9tl\u00e9s\u00e9t, amir\u0151l lemaradtak.<\/li>\n<li>Ahhoz, hogy megfelel\u0151 id\u0151ben megkaphass\u00e1k a fontos\u00a0<strong>hirdet\u00e9seket\u00a0<\/strong>(p\u00e9ld\u00e1ul az esetleges programv\u00e1ltoz\u00e1sr\u00f3l), akik szeretn\u00e9nek, feliratkozhatnak a t\u00e1bori\u00a0<strong>Telegram\u00a0<\/strong>\u00fczen\u0151fal\u00e1ra, mely el\u00e9rhet\u0151 a k\u00f6vetkez\u0151 linken:\u00a0<a href=\"https:\/\/t.me\/tabaraonline\">https:\/\/t.me\/tabaraonline<\/a>. Ez nem egy besz\u00e9lget\u0151 csoport, nem fognak k\u00e9rd\u00e9sekre v\u00e1laszolni, szigor\u00faan hirdet\u00e9seket fognak k\u00f6zz\u00e9tenni.<\/li>\n<\/ul>\n","protected":false},"excerpt":{"rendered":"<p>A t\u00e1bor tev\u00e9kenys\u00e9ge kiz\u00e1r\u00f3lag 18 \u00e9ven felettiek sz\u00e1m\u00e1ra enged\u00e9lyezett. A\u00a0Beirtakoz\u00e1si lap\u00a0el\u0151zetes kit\u00f6lt\u00e9s\u00e9vel \u00e9s a\u00a0R\u00e9szv\u00e9teli felt\u00e9telek\u00a0elfogad\u00e1s\u00e1val jelen oldalon, \u00d6n meger\u0151s\u00edti azt a t\u00e9nyt, hogy elm\u00falt 18 \u00e9ves. A t\u00e1bor oldal\u00e1ra val\u00f3\u00a0bel\u00e9p\u00e9si k\u00f3d\u00a0egyedi \u00e9s \u00e1t nem ruh\u00e1zhat\u00f3. K\u00e9rem, \u00e9rts\u00e9k meg, hogy amennyiben meg\u00e1llap\u00edtjuk, hogy ugyanazzal a k\u00f3ddal egyidej\u0171leg k\u00fcl\u00f6nb\u00f6z\u0151 helyekr\u0151l is megpr\u00f3b\u00e1lnak bel\u00e9pni, akkor az illet\u0151 k\u00f3dot [&hellip;]<\/p>\n","protected":false},"author":3,"featured_media":0,"parent":0,"menu_order":0,"comment_status":"closed","ping_status":"closed","template":"","meta":{"_et_pb_use_builder":"","_et_pb_old_content":"","_et_gb_content_width":"","footnotes":""},"class_list":["post-60929","page","type-page","status-publish","hentry"],"_links":{"self":[{"href":"https:\/\/events.misatv.ro\/hu\/wp-json\/wp\/v2\/pages\/60929","targetHints":{"allow":["GET"]}}],"collection":[{"href":"https:\/\/events.misatv.ro\/hu\/wp-json\/wp\/v2\/pages"}],"about":[{"href":"https:\/\/events.misatv.ro\/hu\/wp-json\/wp\/v2\/types\/page"}],"author":[{"embeddable":true,"href":"https:\/\/events.misatv.ro\/hu\/wp-json\/wp\/v2\/users\/3"}],"replies":[{"embeddable":true,"href":"https:\/\/events.misatv.ro\/hu\/wp-json\/wp\/v2\/comments?post=60929"}],"version-history":[{"count":4,"href":"https:\/\/events.misatv.ro\/hu\/wp-json\/wp\/v2\/pages\/60929\/revisions"}],"predecessor-version":[{"id":132307,"href":"https:\/\/events.misatv.ro\/hu\/wp-json\/wp\/v2\/pages\/60929\/revisions\/132307"}],"wp:attachment":[{"href":"https:\/\/events.misatv.ro\/hu\/wp-json\/wp\/v2\/media?parent=60929"}],"curies":[{"name":"wp","href":"https:\/\/api.w.org\/{rel}","templated":true}]}}