{"id":78461,"date":"2022-03-06T10:45:08","date_gmt":"2022-03-06T08:45:08","guid":{"rendered":"https:\/\/events.misatv.ro\/?page_id=78461"},"modified":"2024-03-04T09:49:27","modified_gmt":"2024-03-04T07:49:27","slug":"jelentkezes-a-szellemi-vezeto-es-szellemi-torekvo-kozotti-beavato-kapcsolat-elmelyitesere-szolgalo-taborba","status":"publish","type":"page","link":"https:\/\/events.misatv.ro\/hu\/jelentkezes-a-szellemi-vezeto-es-szellemi-torekvo-kozotti-beavato-kapcsolat-elmelyitesere-szolgalo-taborba\/","title":{"rendered":"Jelentkez\u00e9s a Szellemi Vezet\u0151 \u00e9s szellemi t\u00f6rekv\u0151 k\u00f6z\u00f6tti beavat\u00f3 kapcsolat elm\u00e9ly\u00edt\u00e9s\u00e9re szolg\u00e1l\u00f3 t\u00e1borba"},"content":{"rendered":"<\/p>\n<p>Ha m\u00e1r regisztr\u00e1lt\u00e1l az esem\u00e9nyek platformj\u00e1n, pl. r\u00e9szt vett\u00e9l az online nemzetk\u00f6zi ezoterikus ny\u00e1ri j\u00f3gat\u00e1borban, k\u00e9rj\u00fck, el\u0151sz\u00f6r <a href=\"https:\/\/events.misatv.ro\/hu\/belepes\/\">jelentkezz be a<\/a> platformra (haszn\u00e1ld azt az e-mail c\u00edmet \u00e9s jelsz\u00f3t, amit az el\u0151z\u0151 online esem\u00e9nyen haszn\u00e1lt\u00e1l), majd regisztr\u00e1lj &#8211; \u00edgy ehhez az esem\u00e9nyhez nem kell \u00fajabb fi\u00f3kot l\u00e9trehoznod!<\/p>\n<p>Ha regisztr\u00e1lt\u00e1l, \u00e9s kapt\u00e1l a Szellemi Vezet\u0151 \u00e9s szellemi t\u00f6rekv\u0151 k\u00f6z\u00f6tti beavat\u00f3 kapcsolat elm\u00e9ly\u00edt\u00e9s\u00e9re szolg\u00e1l\u00f3 t\u00e1borba, de m\u00e9g nem regisztr\u00e1lt\u00e1l az oldalon, k\u00e9rj\u00fck, t\u00f6ltsd ki az al\u00e1bbi mez\u0151ket, hogy folytatni tudd a regisztr\u00e1ci\u00f3s folyamatot ezen az oldalon!<\/p>\n<p>Tudom\u00e1sul vettem a <a href=\"https:\/\/events.misatv.ro\/hu\/belepesi-feltetelek\/\">Bel\u00e9p\u00e9si felt\u00e9teleket \u00e9s kit\u00e9teket<\/a>, valamint <a href=\"https:\/\/events.misatv.ro\/hu\/az-online-vakacios-jogatabor-szabalyzata\/\">az online esem\u00e9nyek Szab\u00e1lyzat\u00e1t<\/a>, \u00e9s egyet\u00e9rtek ezekkel.\n\n\n\n<div class=\"mp_wrapper\">\n  <form name=\"mepr_signup_form\" id=\"mepr_signup_form\" class=\"mepr-signup-form mepr-form\" method=\"post\" action=\"\/hu\/wp-json\/wp\/v2\/pages\/78461#mepr_jump\" enctype=\"multipart\/form-data\" novalidate>\n    <input type=\"hidden\" name=\"mepr_process_signup_form\" value=\"Y\" \/>\n    <input type=\"hidden\" name=\"mepr_product_id\" value=\"78342\" \/>\n\n    \n    \n    \n          <div class=\"mp-form-row mepr_bold mepr_price\">\n                <div class=\"mepr_price_cell_label\">\u00c1r:<\/div>\n        <div class=\"mepr_price_cell\">\n          2lei a April 21, 2026-ig tart\u00f3 hozz\u00e1f\u00e9r\u00e9shez        <\/div>\n      <\/div>\n    \n    \n          <input type=\"hidden\" name=\"user_first_name\" value=\"\" \/>\n      <input type=\"hidden\" name=\"user_last_name\" value=\"\" \/>\n    \n    \n    \n    \n          <input type=\"hidden\" class=\"mepr-geo-country\" name=\"mepr-geo-country\" value=\"\" \/>\n\n              <div class=\"mp-form-row mepr_email mepr-field-required\">\n        <div class=\"mp-form-label\">\n          <label for=\"user_email1\">E-mail-c\u00edm: *<\/label>\n          <span class=\"cc-error\">\u00c9rv\u00e9nytelen e-mail c\u00edm<\/span>\n        <\/div>\n        <input type=\"email\" name=\"user_email\" id=\"user_email1\" class=\"mepr-form-input\" value=\"\" required \/>\n      <\/div>\n      <div class=\"mp-form-row mepr_email_stripe mepr-field-required mepr-hidden\">\n      <\/div>\n                                <div class=\"mp-form-row mepr_password mepr-field-required\">\n          <div class=\"mp-form-label\">\n            <label for=\"mepr_user_password1\">Jelsz\u00f3:*<\/label>\n            <span class=\"cc-error\">\u00c9rv\u00e9nytelen jelsz\u00f3<\/span>\n          <\/div>\n          <div class=\"mp-hide-pw\">\n            <input type=\"password\" name=\"mepr_user_password\" id=\"mepr_user_password1\" class=\"mepr-form-input mepr-password\" value=\"\" required \/>\n            <button type=\"button\" class=\"button mp-hide-pw hide-if-no-js\" data-toggle=\"0\" aria-label=\"Mutasd a jelsz\u00f3t\">\n              <span class=\"dashicons dashicons-visibility\" aria-hidden=\"true\"><\/span>\n            <\/button>\n          <\/div>\n          <\/div>\n        <div class=\"mp-form-row mepr_password_confirm mepr-field-required\">\n          <div class=\"mp-form-label\">\n            <label for=\"mepr_user_password_confirm1\">Jelsz\u00f3 meger\u0151s\u00edt\u00e9se:*<\/label>\n            <span class=\"cc-error\">A jelszava \u00e9s a jelsz\u00f3 meger\u0151s\u00edt\u00e9se nem egyezik<\/span>\n          <\/div>\n          <div class=\"mp-hide-pw\">\n            <input type=\"password\" name=\"mepr_user_password_confirm\" id=\"mepr_user_password_confirm1\" class=\"mepr-form-input mepr-password-confirm\" value=\"\" required \/>\n            <button type=\"button\" class=\"button mp-hide-pw hide-if-no-js\" data-toggle=\"0\" aria-label=\"Mutasd a jelsz\u00f3t\">\n              <span class=\"dashicons dashicons-visibility\" aria-hidden=\"true\"><\/span>\n            <\/button>\n          <\/div>\n        <\/div>\n                <div class=\"mp-form-row mp-password-strength-area\">\n      <span class=\"mp-password-strength-display mp-nopass\">Jelsz\u00f3 er\u0151ss\u00e9ge<\/span>\n\n                <span>&nbsp;<small><em>A jelsz\u00f3nak \u201ek\u00f6zepesnek&quot; vagy er\u0151sebbnek kell lennie<\/em><\/small><\/span>\n        \n      <input type=\"hidden\" name=\"mp-pass-strength\" class=\"mp-pass-strength\" value=\"0\" \/>\n    <\/div>\n                                \n        \n    \n                    <a class=\"have-coupon-link\" data-prdid=\"78342\" href=\"\">\n            Van kuponja?        <\/a>\n        <div class=\"mp-form-row mepr_coupon mepr_coupon_78342 mepr-hidden\">\n          <div class=\"mp-form-label\">\n            <label for=\"mepr_coupon_code-78342\">Kuponk\u00f3d:<\/label>\n            <span class=\"mepr-coupon-loader mepr-hidden\">\n              <img loading=\"lazy\" decoding=\"async\" src=\"https:\/\/events.misatv.ro\/wp-includes\/js\/thickbox\/loadingAnimation.gif\" title=\"Bet\u00f6lt\u00e9s ikon\" alt=\"Bet\u00f6lt\u00e9s ikon\" width=\"100\" height=\"10\" \/>\n            <\/span>\n            <span class=\"cc-error\">\u00c9rv\u00e9nytelen kupon<\/span>\n            <span class=\"cc-success\">Coupon applied successfully<\/span>\n          <\/div>\n          <input type=\"text\" id=\"mepr_coupon_code-78342\" class=\"mepr-form-input mepr-coupon-code\" name=\"mepr_coupon_code\" value=\"\" data-prdid=\"78342\" \/>\n        <\/div>\n              <div class=\"mepr-payment-methods-wrapper\">\n                  <input type=\"hidden\" name=\"mepr_payment_method\" value=\"qh4a5y-27d\" \/>\n                      <\/div>\n    \n    \n    \n        \n    <div class=\"mepr_spacer\">&nbsp;<\/div>\n\n    <div class=\"mp-form-submit\">\n            <label for=\"mepr_no_val\" class=\"mepr-visuallyhidden\">Nem val<\/label>\n      <input type=\"text\" id=\"mepr_no_val\" name=\"mepr_no_val\" class=\"mepr-form-input mepr-visuallyhidden mepr_no_val mepr-hidden\" autocomplete=\"off\" \/>\n\n              <input type=\"submit\" class=\"mepr-submit\" value=\"\u00cenregistrare\" \/>\n            <img decoding=\"async\" src=\"https:\/\/events.misatv.ro\/wp-admin\/images\/loading.gif\" alt=\"Bet\u00f6lt\u00e9s...\" style=\"display: none;\" class=\"mepr-loading-gif\" title=\"Bet\u00f6lt\u00e9s ikon\" \/>\n      <span class=\"mepr-form-has-errors\">K\u00e9rlek jav\u00edtsd a fenti hib\u00e1kat<\/span>\n\n    <\/div>\n  <\/form>\n<\/div>\n\n\n","protected":false},"excerpt":{"rendered":"","protected":false},"author":3,"featured_media":0,"parent":0,"menu_order":0,"comment_status":"closed","ping_status":"closed","template":"","meta":{"_et_pb_use_builder":"","_et_pb_old_content":"","_et_gb_content_width":"","footnotes":""},"class_list":["post-78461","page","type-page","status-publish","hentry"],"_links":{"self":[{"href":"https:\/\/events.misatv.ro\/hu\/wp-json\/wp\/v2\/pages\/78461","targetHints":{"allow":["GET"]}}],"collection":[{"href":"https:\/\/events.misatv.ro\/hu\/wp-json\/wp\/v2\/pages"}],"about":[{"href":"https:\/\/events.misatv.ro\/hu\/wp-json\/wp\/v2\/types\/page"}],"author":[{"embeddable":true,"href":"https:\/\/events.misatv.ro\/hu\/wp-json\/wp\/v2\/users\/3"}],"replies":[{"embeddable":true,"href":"https:\/\/events.misatv.ro\/hu\/wp-json\/wp\/v2\/comments?post=78461"}],"version-history":[{"count":2,"href":"https:\/\/events.misatv.ro\/hu\/wp-json\/wp\/v2\/pages\/78461\/revisions"}],"predecessor-version":[{"id":84066,"href":"https:\/\/events.misatv.ro\/hu\/wp-json\/wp\/v2\/pages\/78461\/revisions\/84066"}],"wp:attachment":[{"href":"https:\/\/events.misatv.ro\/hu\/wp-json\/wp\/v2\/media?parent=78461"}],"curies":[{"name":"wp","href":"https:\/\/api.w.org\/{rel}","templated":true}]}}