{"id":104087,"date":"2023-03-03T00:20:07","date_gmt":"2023-03-02T22:20:07","guid":{"rendered":"https:\/\/events.misatv.ro\/?page_id=104087"},"modified":"2026-03-03T22:44:48","modified_gmt":"2026-03-03T20:44:48","slug":"%d0%bb%d0%b0%d0%b3%d0%b5%d1%80%d1%8c-%d0%b4%d0%bb%d1%8f-%d1%83%d0%b3%d0%bb%d1%83%d0%b1%d0%bb%d0%b5%d0%bd%d0%b8%d1%8f-%d0%b4%d1%83%d1%85%d0%be%d0%b2%d0%bd%d0%be%d0%b3%d0%be-%d0%bf%d1%80%d0%be%d0%b2-2","status":"publish","type":"page","link":"https:\/\/events.misatv.ro\/ru\/%d0%bb%d0%b0%d0%b3%d0%b5%d1%80%d1%8c-%d0%b4%d0%bb%d1%8f-%d1%83%d0%b3%d0%bb%d1%83%d0%b1%d0%bb%d0%b5%d0%bd%d0%b8%d1%8f-%d0%b4%d1%83%d1%85%d0%be%d0%b2%d0%bd%d0%be%d0%b3%d0%be-%d0%bf%d1%80%d0%be%d0%b2-2\/","title":{"rendered":"\u041b\u0430\u0433\u0435\u0440\u044c \u0434\u043b\u044f \u0443\u0433\u043b\u0443\u0431\u043b\u0435\u043d\u0438\u044f \u0434\u0443\u0445\u043e\u0432\u043d\u043e\u0433\u043e \u041f\u0440\u043e\u0432\u043e\u0434\u043d\u0438\u043a\u0430 &#8211; \u0430\u0441\u043f\u0438\u0440\u0430\u043d\u0442\u0430 \u0438\u043d\u0438\u0446\u0438\u0430\u0442\u0438\u0447\u0435\u0441\u043a\u0438\u0435 \u043e\u0442\u043d\u043e\u0448\u0435\u043d\u0438\u044f"},"content":{"rendered":"<p>[et_pb_section fb_built=&#8221;1&#8243; custom_padding_last_edited=&#8221;on|phone&#8221; disabled_on=&#8221;off|off|off&#8221; admin_label=&#8221;Hero Section 4 Desktop&#8221; _builder_version=&#8221;4.16&#8243; background_enable_color=&#8221;off&#8221; background_color_gradient_direction=&#8221;72deg&#8221; background_image=&#8221;https:\/\/events.misatv.ro\/wp-content\/uploads\/2022\/03\/Slider-tabara-ghid-spiritual.png&#8221; background_size=&#8221;initial&#8221; background_position=&#8221;top_right&#8221; custom_margin_tablet=&#8221;&#8221; custom_margin_phone=&#8221;120px||||false|false&#8221; custom_margin_last_edited=&#8221;on|phone&#8221; custom_padding=&#8221;110px|0px|0px|0px||&#8221; custom_padding_tablet=&#8221;&#8221; custom_padding_phone=&#8221;&#8221; top_divider_height=&#8221;48px&#8221; background_last_edited=&#8221;on|phone&#8221; background_image_phone=&#8221;https:\/\/events.misatv.ro\/wp-content\/uploads\/2022\/02\/Ghid-aspirant-pentru-mobil-B-2.png&#8221; background_enable_image_phone=&#8221;on&#8221; background_size_tablet=&#8221;contain&#8221; background_size_phone=&#8221;contain&#8221; background_position_tablet=&#8221;center_right&#8221; background_position_phone=&#8221;top_center&#8221; collapsed=&#8221;off&#8221; global_colors_info=&#8221;{}&#8221;][et_pb_row _builder_version=&#8221;4.16&#8243; _module_preset=&#8221;default&#8221; width=&#8221;92%&#8221; max_width=&#8221;1923px&#8221; module_alignment=&#8221;center&#8221; custom_margin=&#8221;||||false|false&#8221; custom_padding=&#8221;0px||||false|false&#8221; global_colors_info=&#8221;{}&#8221;][et_pb_column type=&#8221;4_4&#8243; _builder_version=&#8221;4.16&#8243; _module_preset=&#8221;default&#8221; global_colors_info=&#8221;{}&#8221;][et_pb_text content_tablet=&#8221;<\/p>\n<h1>\u041b\u0430\u0433\u0435\u0440\u044c \u0434\u043b\u044f \u0443\u0433\u043b\u0443\u0431\u043b\u0435\u043d\u0438\u044f \u0434\u0443\u0445\u043e\u0432\u043d\u043e\u0433\u043e \u041f\u0440\u043e\u0432\u043e\u0434\u043d\u0438\u043a\u0430 &#8211; \u0430\u0441\u043f\u0438\u0440\u0430\u043d\u0442\u0430<br \/>\u0438\u043d\u0438\u0446\u0438\u0430\u0442\u0438\u0447\u0435\u0441\u043a\u0438\u0435 \u043e\u0442\u043d\u043e\u0448\u0435\u043d\u0438\u044f,<br \/>6 &#8211; 13 \u043c\u0430\u0440\u0442\u0430, 2026 \u0433.<\/h1>\n<p>&#8221; content_phone=&#8221;<\/p>\n<h1>\u041b\u0430\u0433\u0435\u0440\u044c \u0434\u043b\u044f \u0443\u0433\u043b\u0443\u0431\u043b\u0435\u043d\u0438\u044f \u0434\u0443\u0445\u043e\u0432\u043d\u043e\u0433\u043e \u041f\u0440\u043e\u0432\u043e\u0434\u043d\u0438\u043a\u0430 &#8211; \u0430\u0441\u043f\u0438\u0440\u0430\u043d\u0442\u0430<br \/>\u0438\u043d\u0438\u0446\u0438\u0430\u0442\u0438\u0447\u0435\u0441\u043a\u0438\u0435 \u043e\u0442\u043d\u043e\u0448\u0435\u043d\u0438\u044f,<br \/>6 &#8211; 13 \u043c\u0430\u0440\u0442\u0430, 2026 \u0433.<\/h1>\n<p>&#8221; content_last_edited=&#8221;on|phone&#8221; _builder_version=&#8221;4.27.5&#8243; text_font=&#8221;||||||||&#8221; header_font=&#8221;Open Sans|700|||||||&#8221; header_text_color=&#8221;gcid-88199057-bddb-4f3e-8b46-58be9a6f46df&#8221; header_font_size=&#8221;35px&#8221; header_line_height=&#8221;1.2em&#8221; custom_margin=&#8221;50px||||false|false&#8221; custom_margin_tablet=&#8221;&#8221; custom_margin_phone=&#8221;-120px||||false|false&#8221; custom_margin_last_edited=&#8221;on|desktop&#8221; custom_padding=&#8221;||||false|false&#8221; animation_style=&#8221;fade&#8221; hover_enabled=&#8221;0&#8243; header_font_size_tablet=&#8221;30px&#8221; header_font_size_phone=&#8221;22px&#8221; header_font_size_last_edited=&#8221;on|phone&#8221; text_text_shadow_style=&#8221;preset3&#8243; text_text_shadow_color=&#8221;#FFFFFF&#8221; global_colors_info=&#8221;{%22gcid-88199057-bddb-4f3e-8b46-58be9a6f46df%22:%91%22header_text_color%22%93}&#8221; sticky_enabled=&#8221;0&#8243;]<\/p>\n<h1>\u041b\u0430\u0433\u0435\u0440\u044c \u0434\u043b\u044f \u0443\u0433\u043b\u0443\u0431\u043b\u0435\u043d\u0438\u044f \u0434\u0443\u0445\u043e\u0432\u043d\u043e\u0433\u043e \u041f\u0440\u043e\u0432\u043e\u0434\u043d\u0438\u043a\u0430 &#8211; \u0430\u0441\u043f\u0438\u0440\u0430\u043d\u0442\u0430<br \/>\u0438\u043d\u0438\u0446\u0438\u0430\u0442\u0438\u0447\u0435\u0441\u043a\u0438\u0435 \u043e\u0442\u043d\u043e\u0448\u0435\u043d\u0438\u044f,<br \/>6 &#8211; 13 \u043c\u0430\u0440\u0442\u0430, 2026 \u0433.<\/h1>\n<p>[\/et_pb_text][\/et_pb_column][\/et_pb_row][et_pb_row column_structure=&#8221;1_2,1_2&#8243; _builder_version=&#8221;4.16&#8243; background_size=&#8221;initial&#8221; background_position=&#8221;top_left&#8221; background_repeat=&#8221;repeat&#8221; width=&#8221;92%&#8221; max_width=&#8221;1923px&#8221; module_alignment=&#8221;center&#8221; custom_margin=&#8221;||40px||false|false&#8221; custom_margin_tablet=&#8221;&#8221; custom_margin_phone=&#8221;400px||0px||false|false&#8221; custom_margin_last_edited=&#8221;on|phone&#8221; custom_padding=&#8221;||0px|||&#8221; global_colors_info=&#8221;{}&#8221;][et_pb_column type=&#8221;1_2&#8243; _builder_version=&#8221;4.16&#8243; global_colors_info=&#8221;{}&#8221; custom_padding__hover=&#8221;|||&#8221;][et_pb_text _builder_version=&#8221;4.27.4&#8243; text_font=&#8221;Open Sans||||||||&#8221; text_text_color=&#8221;#2F0167&#8243; text_font_size=&#8221;27px&#8221; text_line_height=&#8221;1.3em&#8221; header_text_color=&#8221;#2f0167&#8243; header_font_size=&#8221;70px&#8221; header_2_font=&#8221;Open Sans||||||||&#8221; header_2_text_color=&#8221;#2f0167&#8243; header_2_line_height=&#8221;1.4em&#8221; custom_margin=&#8221;||10px||false|false&#8221; animation_style=&#8221;fade&#8221; animation_delay=&#8221;100ms&#8221; text_font_size_tablet=&#8221;&#8221; text_font_size_phone=&#8221;24px&#8221; text_font_size_last_edited=&#8221;on|phone&#8221; header_2_font_size_tablet=&#8221;&#8221; header_2_font_size_phone=&#8221;20px&#8221; header_2_font_size_last_edited=&#8221;on|phone&#8221; text_text_shadow_style=&#8221;preset3&#8243; text_text_shadow_color=&#8221;#FFFFFF&#8221; global_colors_info=&#8221;{}&#8221;]<\/p>\n<h2>\u042d\u0442\u043e \u0434\u0443\u0445\u043e\u0432\u043d\u043e\u0435 \u043c\u0435\u0440\u043e\u043f\u0440\u0438\u044f\u0442\u0438\u0435 \u043e\u0431\u0435\u0441\u043f\u0435\u0447\u0438\u0432\u0430\u0435\u0442 \u043f\u043e\u0434\u0445\u043e\u0434\u044f\u0449\u0443\u044e \u043e\u0431\u0441\u0442\u0430\u043d\u043e\u0432\u043a\u0443 \u0434\u043b\u044f \u0443\u0433\u043b\u0443\u0431\u043b\u0435\u043d\u0438\u044f \u0438\u043d\u0438\u0446\u0438\u0430\u0442\u0438\u0447\u0435\u0441\u043a\u0438\u0445 \u043e\u0442\u043d\u043e\u0448\u0435\u043d\u0438\u0439 \u0414\u0443\u0445\u043e\u0432\u043d\u043e\u0433\u043e \u0413\u0438\u0434\u0430 \u0438 \u0418\u0441\u043a\u0430\u0442\u0435\u043b\u044f \u043f\u043e\u0441\u0440\u0435\u0434\u0441\u0442\u0432\u043e\u043c \u0438\u043d\u0442\u0435\u043d\u0441\u0438\u0432\u043d\u043e\u0439 \u0434\u0443\u0445\u043e\u0432\u043d\u043e\u0439 \u043f\u0440\u043e\u0433\u0440\u0430\u043c\u043c\u044b. \u041b\u0430\u0433\u0435\u0440\u044c \u0431\u0443\u0434\u0435\u0442 \u043f\u043e\u0434\u0434\u0435\u0440\u0436\u0438\u0432\u0430\u0442\u044c\u0441\u044f \u0434\u0443\u0445\u043e\u0432\u043d\u043e\u0439 \u0438\u043d\u0442\u0435\u0433\u0440\u0430\u0446\u0438\u0435\u0439, \u0441\u043f\u0435\u0446\u0438\u0444\u0438\u0447\u043d\u043e\u0439 \u0434\u043b\u044f \u044d\u0442\u043e\u0433\u043e \u0441\u043e\u0431\u044b\u0442\u0438\u044f.<\/h2>\n<p>[\/et_pb_text][et_pb_button button_url=&#8221;https:\/\/events.misatv.ro\/ru\/%d0%bb%d0%b0%d0%b3%d0%b5%d1%80%d1%8c-%d0%b4%d0%bb%d1%8f-%d1%83%d0%b3%d0%bb%d1%83%d0%b1%d0%bb%d0%b5%d0%bd%d0%b8%d1%8f-%d0%b8%d0%bd%d0%b8%d1%86%d0%b8%d0%b0%d1%82%d0%b8%d1%87%d0%b5%d1%81%d0%ba%d0%b8-2\/&#8221; button_text=&#8221;\u0427\u0438\u0442\u0430\u0442\u044c \u0434\u0430\u043b\u0435\u0435&#8221; button_alignment=&#8221;left&#8221; disabled_on=&#8221;on|on|on&#8221; admin_label=&#8221;Detalii&#8221; _builder_version=&#8221;4.27.4&#8243; _module_preset=&#8221;default&#8221; custom_button=&#8221;on&#8221; button_text_size=&#8221;20px&#8221; button_text_color=&#8221;#FFFFFF&#8221; button_bg_color=&#8221;#4C1553&#8243; button_border_width=&#8221;2px&#8221; button_border_radius=&#8221;3px&#8221; button_font=&#8221;Open Sans||||||||&#8221; button_icon=&#8221;&#x52;||divi||400&#8243; background_layout=&#8221;dark&#8221; disabled=&#8221;on&#8221; global_colors_info=&#8221;{}&#8221;][\/et_pb_button][\/et_pb_column][et_pb_column type=&#8221;1_2&#8243; _builder_version=&#8221;4.16&#8243; custom_padding=&#8221;|||&#8221; global_colors_info=&#8221;{}&#8221; custom_padding__hover=&#8221;|||&#8221;][\/et_pb_column][\/et_pb_row][et_pb_row column_structure=&#8221;1_3,2_3&#8243; use_custom_gutter=&#8221;on&#8221; gutter_width=&#8221;1&#8243; _builder_version=&#8221;4.16&#8243; _module_preset=&#8221;default&#8221; width=&#8221;92%&#8221; max_width=&#8221;100%&#8221; display_conditions=&#8221;W3siaWQiOiIxNjA3ZDBkZi1iMDU3LTRlYzUtOTM3MC00YTc1YjhkODEwMDMiLCJjb25kaXRpb24iOiJsb2dnZWRJblN0YXR1cyIsImNvbmRpdGlvblNldHRpbmdzIjp7ImxvZ2dlZEluU3RhdHVzIjoibG9nZ2VkT3V0IiwiYWRtaW5MYWJlbCI6IkxvZ2dlZCBJbiBTdGF0dXMiLCJlbmFibGVDb25kaXRpb24iOiJvbiJ9LCJvcGVyYXRvciI6Ik9SIn1d&#8221; custom_padding=&#8221;||0px|||&#8221; global_colors_info=&#8221;{}&#8221;][et_pb_column type=&#8221;1_3&#8243; _builder_version=&#8221;4.16&#8243; _module_preset=&#8221;default&#8221; global_colors_info=&#8221;{}&#8221;][et_pb_text _builder_version=&#8221;4.20.0&#8243; _module_preset=&#8221;default&#8221; header_4_font=&#8221;|700|||||||&#8221; header_4_text_color=&#8221;#2f0167&#8243; custom_padding=&#8221;12px||8px||false|false&#8221; text_text_shadow_style=&#8221;preset3&#8243; text_text_shadow_color=&#8221;#FFFFFF&#8221; global_colors_info=&#8221;{}&#8221;]<\/p>\n<h4>\u0423\u0436\u0435 \u0437\u0430\u0440\u0435\u0433\u0438\u0441\u0442\u0440\u0438\u0440\u043e\u0432\u0430\u043b\u0441\u044f \u0441 \u043a\u043e\u0434\u043e\u043c \u0434\u043b\u044f \u0443\u0447\u0430\u0441\u0442\u0438\u044f \u0432 \u043c\u0435\u0440\u043e\u043f\u0440\u0438\u044f\u0442\u0438\u044f\u0445 MISA?<\/h4>\n<p>[\/et_pb_text][\/et_pb_column][et_pb_column type=&#8221;2_3&#8243; _builder_version=&#8221;4.16&#8243; _module_preset=&#8221;default&#8221; global_colors_info=&#8221;{}&#8221;][et_pb_button button_url=&#8221;https:\/\/events.misatv.ro\/ru\/%d0%b2%d0%be%d0%b9%d1%82%d0%b8\/&#8221; button_text=&#8221;\u0412\u0445\u043e\u0434 \u0432 \u0441\u0438\u0441\u0442\u0435\u043c\u0443&#8221; _builder_version=&#8221;4.20.0&#8243; _module_preset=&#8221;default&#8221; custom_button=&#8221;on&#8221; button_text_color=&#8221;#FFFFFF&#8221; button_bg_color=&#8221;#4C1553&#8243; button_font=&#8221;||||||||&#8221; button_icon=&#8221;&#x35;||divi||400&#8243; custom_padding=&#8221;|33px|||false|false&#8221; global_colors_info=&#8221;{}&#8221;][\/et_pb_button][\/et_pb_column][\/et_pb_row][et_pb_row column_structure=&#8221;1_3,2_3&#8243; use_custom_gutter=&#8221;on&#8221; gutter_width=&#8221;1&#8243; _builder_version=&#8221;4.16&#8243; _module_preset=&#8221;default&#8221; width=&#8221;92%&#8221; max_width=&#8221;100%&#8221; display_conditions=&#8221;W3siaWQiOiIwODJkYTc2ZC05MmJkLTRlN2QtOGMxZS1mNjViYTRmZmU0MDEiLCJjb25kaXRpb24iOiJtZW1iZXJwcmVzc3Byb2R1Y3QiLCJjb25kaXRpb25TZXR0aW5ncyI6eyJkeW5hbWljUG9zdHNEaXNwbGF5IjoiaXNOb3QiLCJkeW5hbWljUG9zdHMiOlt7ImxhYmVsIjoiVGFiYXJhIFx1MDIxOWl2YWlzbSAyMDIxIiwidmFsdWUiOiI2OTM1OSJ9XSwicG9zdFR5cGVMYWJlbCI6Ik1lbWJlcnNoaXBzIiwiYWRtaW5MYWJlbCI6Ik1lbWJlcnNoaXBzIiwiZW5hYmxlQ29uZGl0aW9uIjoib24ifSwib3BlcmF0b3IiOiJPUiJ9XQ==&#8221; custom_padding=&#8221;||0px|||&#8221; global_colors_info=&#8221;{}&#8221;][et_pb_column type=&#8221;1_3&#8243; _builder_version=&#8221;4.16&#8243; _module_preset=&#8221;default&#8221; global_colors_info=&#8221;{}&#8221;][et_pb_text _builder_version=&#8221;4.20.0&#8243; _module_preset=&#8221;default&#8221; header_4_font=&#8221;|700|||||||&#8221; header_4_text_color=&#8221;#2f0167&#8243; custom_padding=&#8221;12px||8px||false|false&#8221; text_text_shadow_style=&#8221;preset3&#8243; text_text_shadow_color=&#8221;#FFFFFF&#8221; global_colors_info=&#8221;{}&#8221;]<\/p>\n<h4>\u041f\u043e\u043b\u0443\u0447\u0438\u043b \u043a\u043e\u0434 \u043d\u0430 \u044d\u0442\u043e \u043c\u0435\u0440\u043e\u043f\u0440\u0438\u044f\u0442\u0438\u0435 \u0438 \u0445\u043e\u0447\u0435\u0448\u044c \u0437\u0430\u0440\u0435\u0433\u0438\u0441\u0442\u0440\u0438\u0440\u043e\u0432\u0430\u0442\u044c\u0441\u044f?<\/h4>\n<p>[\/et_pb_text][\/et_pb_column][et_pb_column type=&#8221;2_3&#8243; _builder_version=&#8221;4.16&#8243; _module_preset=&#8221;default&#8221; global_colors_info=&#8221;{}&#8221;][et_pb_button button_url=&#8221;https:\/\/events.misatv.ro\/ru\/%d1%80%d0%b5%d0%b3%d0%b8%d1%81%d1%82%d1%80%d0%b0%d1%86%d0%b8%d1%8f-%d0%b2-%d0%bb%d0%b0%d0%b3%d0%b5%d1%80%d1%8c-%d0%b4%d0%bb%d1%8f-%d1%83%d0%b3%d0%bb%d1%83%d0%b1%d0%bb%d0%b5%d0%bd%d0%b8%d1%8f-%d0%b4\/&#8221; button_text=&#8221;\u0420\u0435\u0433\u0438\u0441\u0442\u0440\u0430\u0446\u0438\u044f&#8221; _builder_version=&#8221;4.20.0&#8243; _module_preset=&#8221;default&#8221; custom_button=&#8221;on&#8221; button_text_color=&#8221;#FFFFFF&#8221; button_bg_color=&#8221;#4C1553&#8243; button_font=&#8221;||||||||&#8221; button_icon=&#8221;&#x35;||divi||400&#8243; display_conditions=&#8221;W3siaWQiOiI5ZTI2YjZhMy0xYzJlLTRiNGQtYTk1MC1hNDJiZDdkNTQyZWIiLCJjb25kaXRpb24iOiJtZW1iZXJwcmVzc3Byb2R1Y3QiLCJjb25kaXRpb25TZXR0aW5ncyI6eyJkeW5hbWljUG9zdHNEaXNwbGF5IjoiaXNOb3QiLCJkeW5hbWljUG9zdHMiOlt7ImxhYmVsIjoiVGFiYXJhIFx1MDIxOWl2YWlzbSAyMDIxIiwidmFsdWUiOiI2OTM1OSJ9XSwicG9zdFR5cGVMYWJlbCI6Ik1lbWJlcnNoaXBzIiwiYWRtaW5MYWJlbCI6Ik1lbWJlcnNoaXBzIiwiZW5hYmxlQ29uZGl0aW9uIjoib24ifSwib3BlcmF0b3IiOiJPUiJ9XQ==&#8221; global_colors_info=&#8221;{}&#8221;][\/et_pb_button][\/et_pb_column][\/et_pb_row][et_pb_row column_structure=&#8221;1_3,2_3&#8243; use_custom_gutter=&#8221;on&#8221; gutter_width=&#8221;1&#8243; disabled_on=&#8221;on|on|on&#8221; _builder_version=&#8221;4.20.0&#8243; _module_preset=&#8221;default&#8221; width=&#8221;92%&#8221; max_width=&#8221;100%&#8221; display_conditions=&#8221;W3siaWQiOiI5NmI0ZTBiMC05ZDlmLTQzOTktOGJiMC0zZTE3OGE2MDZmOTEiLCJjb25kaXRpb24iOiJtZW1iZXJwcmVzc3Byb2R1Y3QiLCJjb25kaXRpb25TZXR0aW5ncyI6eyJkeW5hbWljUG9zdHNEaXNwbGF5IjoiaXNOb3QiLCJkeW5hbWljUG9zdHMiOlt7ImxhYmVsIjoiVGFiYXJhIFx1MDIxOWl2YWlzbSAyMDIxIiwidmFsdWUiOiI2OTM1OSJ9XSwicG9zdFR5cGVMYWJlbCI6Ik1lbWJlcnNoaXBzIiwiYWRtaW5MYWJlbCI6Ik1lbWJlcnNoaXBzIiwiZW5hYmxlQ29uZGl0aW9uIjoib24ifSwib3BlcmF0b3IiOiJPUiJ9XQ==&#8221; custom_padding=&#8221;||0px|||&#8221; disabled=&#8221;on&#8221; global_colors_info=&#8221;{}&#8221;][et_pb_column type=&#8221;1_3&#8243; _builder_version=&#8221;4.16&#8243; _module_preset=&#8221;default&#8221; global_colors_info=&#8221;{}&#8221;][et_pb_text _builder_version=&#8221;4.16&#8243; _module_preset=&#8221;default&#8221; header_4_font=&#8221;|700|||||||&#8221; header_4_text_color=&#8221;#2f0167&#8243; custom_padding=&#8221;12px||8px||false|false&#8221; text_text_shadow_style=&#8221;preset3&#8243; text_text_shadow_color=&#8221;#FFFFFF&#8221; global_colors_info=&#8221;{}&#8221;]<\/p>\n<h4>Nu ai primit cod pentru aceast\u0103 tab\u0103r\u0103 \u0219i vrei s\u0103 te \u00eenscrii?<\/h4>\n<p>[\/et_pb_text][\/et_pb_column][et_pb_column type=&#8221;2_3&#8243; _builder_version=&#8221;4.16&#8243; _module_preset=&#8221;default&#8221; global_colors_info=&#8221;{}&#8221;][et_pb_button button_url=&#8221;https:\/\/misa.yoga\/anunturi-organizatorice-2\/#1645305002566-5918bc78-8c6d&#8221; url_new_window=&#8221;on&#8221; button_text=&#8221;\u00censcriere&#8221; _builder_version=&#8221;4.16&#8243; _module_preset=&#8221;default&#8221; custom_button=&#8221;on&#8221; button_text_color=&#8221;#FFFFFF&#8221; button_bg_color=&#8221;#4C1553&#8243; button_letter_spacing=&#8221;2px&#8221; button_font=&#8221;||||||||&#8221; button_icon=&#8221;&#x35;||divi||400&#8243; custom_padding=&#8221;|30px|||false|false&#8221; global_colors_info=&#8221;{}&#8221;][\/et_pb_button][\/et_pb_column][\/et_pb_row][et_pb_row _builder_version=&#8221;4.16&#8243; _module_preset=&#8221;default&#8221; global_colors_info=&#8221;{}&#8221;][et_pb_column type=&#8221;4_4&#8243; _builder_version=&#8221;4.16&#8243; _module_preset=&#8221;default&#8221; global_colors_info=&#8221;{}&#8221;][\/et_pb_column][\/et_pb_row][\/et_pb_section][et_pb_section fb_built=&#8221;1&#8243; _builder_version=&#8221;4.16&#8243; _module_preset=&#8221;default&#8221; global_colors_info=&#8221;{}&#8221;][et_pb_row column_structure=&#8221;1_3,2_3&#8243; make_equal=&#8221;on&#8221; disabled_on=&#8221;off|off|off&#8221; _builder_version=&#8221;4.16&#8243; _module_preset=&#8221;default&#8221; global_colors_info=&#8221;{}&#8221;][et_pb_column type=&#8221;1_3&#8243; _builder_version=&#8221;4.16&#8243; _module_preset=&#8221;default&#8221; global_colors_info=&#8221;{}&#8221;][et_pb_divider color=&#8221;#FFFFFF&#8221; divider_weight=&#8221;3px&#8221; color_tablet=&#8221;&#8221; color_phone=&#8221;#E02B20&#8243; color_last_edited=&#8221;on|phone&#8221; disabled_on=&#8221;off|off|off&#8221; _builder_version=&#8221;4.16&#8243; _module_preset=&#8221;default&#8221; width=&#8221;40%&#8221; global_colors_info=&#8221;{}&#8221;][\/et_pb_divider][et_pb_image src=&#8221;https:\/\/events.misatv.ro\/wp-content\/uploads\/2021\/07\/Yantra-Kali.png&#8221; title_text=&#8221;Yantra Kali&#8221; align=&#8221;right&#8221; align_tablet=&#8221;&#8221; align_phone=&#8221;left&#8221; align_last_edited=&#8221;on|phone&#8221; disabled_on=&#8221;on|on|on&#8221; _builder_version=&#8221;4.16&#8243; _module_preset=&#8221;default&#8221; disabled=&#8221;on&#8221; global_colors_info=&#8221;{}&#8221;][\/et_pb_image][\/et_pb_column][et_pb_column type=&#8221;2_3&#8243; _builder_version=&#8221;4.16&#8243; _module_preset=&#8221;default&#8221; global_colors_info=&#8221;{}&#8221;][et_pb_divider color=&#8221;#E02B20&#8243; divider_weight=&#8221;3px&#8221; disabled_on=&#8221;on|off|off&#8221; _builder_version=&#8221;4.16&#8243; _module_preset=&#8221;default&#8221; width=&#8221;40%&#8221; global_colors_info=&#8221;{}&#8221;][\/et_pb_divider][et_pb_text _builder_version=&#8221;4.20.0&#8243; _module_preset=&#8221;default&#8221; text_font_size=&#8221;18px&#8221; header_4_text_color=&#8221;#2f0167&#8243; header_4_line_height=&#8221;1.1em&#8221; hover_enabled=&#8221;0&#8243; global_colors_info=&#8221;{}&#8221; sticky_enabled=&#8221;0&#8243;]<\/p>\n<p><em>&#8220;\u0418\u0441\u0442\u0438\u043d\u043d\u044b\u0439 \u0434\u0443\u0445\u043e\u0432\u043d\u044b\u0439 \u041d\u0430\u0441\u0442\u0430\u0432\u043d\u0438\u043a &#8211; \u044d\u0442\u043e \u0442\u043e\u0442, \u043a\u0442\u043e \u0441 \u043f\u043e\u043c\u043e\u0449\u044c\u044e \u0431\u043b\u0430\u0433\u043e\u0447\u0435\u0441\u0442\u0438\u0432\u043e\u0439 \u0441\u0438\u043b\u044b, \u043f\u0440\u0438\u0445\u043e\u0434\u044f\u0449\u0435\u0439 \u043a \u043d\u0435\u043c\u0443 \u043e\u0433\u0440\u043e\u043c\u043d\u044b\u043c\u0438 \u0432\u043e\u043b\u043d\u0430\u043c\u0438 \u043e\u0442 \u0411\u043e\u0433\u0430, \u043f\u043e\u0431\u0443\u0436\u0434\u0430\u0435\u0442 \u043d\u0430\u0441, \u043f\u043e\u0434\u0430\u0432\u0430\u044f \u043d\u0430\u043c \u0441\u0432\u043e\u0439 \u0441\u043e\u0431\u0441\u0442\u0432\u0435\u043d\u043d\u044b\u0439 \u043f\u0440\u0438\u043c\u0435\u0440. \u0422\u0430\u043a \u043e\u043d \u043e\u0442\u043a\u0440\u044b\u0432\u0430\u0435\u0442 \u043d\u0430\u0448\u0435 \u0441\u0443\u0449\u0435\u0441\u0442\u0432\u043e \u043d\u0435\u0431\u0435\u0441\u043d\u043e\u043c\u0443 \u0438 \u043f\u043e\u043c\u043e\u0433\u0430\u0435\u0442 \u043d\u0430\u043c \u0432\u043c\u0435\u0441\u0442\u0435 \u0441 \u043d\u0438\u043c \u0441\u0434\u0435\u043b\u0430\u0442\u044c \u043f\u0435\u0440\u0432\u044b\u0435 \u0448\u0430\u0433\u0438 \u0437\u0430 \u0432\u0440\u0430\u0442\u0430 \u0420\u0430\u044f: \u043d\u0435\u0438\u0437\u0440\u0435\u0447\u0435\u043d\u043d\u044b\u0435 \u0432\u0440\u0430\u0442\u0430 \u0434\u0443\u0445\u043e\u0432\u043d\u043e\u0433\u043e \u0437\u043d\u0430\u043d\u0438\u044f&#8221;<\/em><\/p>\n<p>\u0423\u0447\u0438\u0442\u0435\u043b\u044c \u0439\u043e\u0433\u0438 \u0413\u0440\u0435\u0433\u043e\u0440\u0438\u0430\u043d \u0411\u0438\u0432\u043e\u043b\u0430\u0440\u0443<\/p>\n<p>[\/et_pb_text][\/et_pb_column][\/et_pb_row][\/et_pb_section]<\/p>\n","protected":false},"excerpt":{"rendered":"<p>\u041b\u0430\u0433\u0435\u0440\u044c \u0434\u043b\u044f \u0443\u0433\u043b\u0443\u0431\u043b\u0435\u043d\u0438\u044f \u0434\u0443\u0445\u043e\u0432\u043d\u043e\u0433\u043e \u041f\u0440\u043e\u0432\u043e\u0434\u043d\u0438\u043a\u0430 &#8211; \u0430\u0441\u043f\u0438\u0440\u0430\u043d\u0442\u0430\u0438\u043d\u0438\u0446\u0438\u0430\u0442\u0438\u0447\u0435\u0441\u043a\u0438\u0435 \u043e\u0442\u043d\u043e\u0448\u0435\u043d\u0438\u044f,6 &#8211; 13 \u043c\u0430\u0440\u0442\u0430, 2026 \u0433.\u042d\u0442\u043e \u0434\u0443\u0445\u043e\u0432\u043d\u043e\u0435 \u043c\u0435\u0440\u043e\u043f\u0440\u0438\u044f\u0442\u0438\u0435 \u043e\u0431\u0435\u0441\u043f\u0435\u0447\u0438\u0432\u0430\u0435\u0442 \u043f\u043e\u0434\u0445\u043e\u0434\u044f\u0449\u0443\u044e \u043e\u0431\u0441\u0442\u0430\u043d\u043e\u0432\u043a\u0443 \u0434\u043b\u044f \u0443\u0433\u043b\u0443\u0431\u043b\u0435\u043d\u0438\u044f \u0438\u043d\u0438\u0446\u0438\u0430\u0442\u0438\u0447\u0435\u0441\u043a\u0438\u0445 \u043e\u0442\u043d\u043e\u0448\u0435\u043d\u0438\u0439 \u0414\u0443\u0445\u043e\u0432\u043d\u043e\u0433\u043e \u0413\u0438\u0434\u0430 \u0438 \u0418\u0441\u043a\u0430\u0442\u0435\u043b\u044f \u043f\u043e\u0441\u0440\u0435\u0434\u0441\u0442\u0432\u043e\u043c \u0438\u043d\u0442\u0435\u043d\u0441\u0438\u0432\u043d\u043e\u0439 \u0434\u0443\u0445\u043e\u0432\u043d\u043e\u0439 \u043f\u0440\u043e\u0433\u0440\u0430\u043c\u043c\u044b. \u041b\u0430\u0433\u0435\u0440\u044c \u0431\u0443\u0434\u0435\u0442 \u043f\u043e\u0434\u0434\u0435\u0440\u0436\u0438\u0432\u0430\u0442\u044c\u0441\u044f \u0434\u0443\u0445\u043e\u0432\u043d\u043e\u0439 \u0438\u043d\u0442\u0435\u0433\u0440\u0430\u0446\u0438\u0435\u0439, \u0441\u043f\u0435\u0446\u0438\u0444\u0438\u0447\u043d\u043e\u0439 \u0434\u043b\u044f \u044d\u0442\u043e\u0433\u043e \u0441\u043e\u0431\u044b\u0442\u0438\u044f.\u0423\u0436\u0435 \u0437\u0430\u0440\u0435\u0433\u0438\u0441\u0442\u0440\u0438\u0440\u043e\u0432\u0430\u043b\u0441\u044f \u0441 \u043a\u043e\u0434\u043e\u043c \u0434\u043b\u044f \u0443\u0447\u0430\u0441\u0442\u0438\u044f \u0432 \u043c\u0435\u0440\u043e\u043f\u0440\u0438\u044f\u0442\u0438\u044f\u0445 MISA?\u041f\u043e\u043b\u0443\u0447\u0438\u043b \u043a\u043e\u0434 \u043d\u0430 \u044d\u0442\u043e \u043c\u0435\u0440\u043e\u043f\u0440\u0438\u044f\u0442\u0438\u0435 \u0438 \u0445\u043e\u0447\u0435\u0448\u044c \u0437\u0430\u0440\u0435\u0433\u0438\u0441\u0442\u0440\u0438\u0440\u043e\u0432\u0430\u0442\u044c\u0441\u044f?Nu ai [&hellip;]<\/p>\n","protected":false},"author":3416,"featured_media":0,"parent":0,"menu_order":0,"comment_status":"closed","ping_status":"closed","template":"","meta":{"_et_pb_use_builder":"on","_et_pb_old_content":"","_et_gb_content_width":"","footnotes":""},"class_list":["post-104087","page","type-page","status-publish","hentry"],"_links":{"self":[{"href":"https:\/\/events.misatv.ro\/ru\/wp-json\/wp\/v2\/pages\/104087","targetHints":{"allow":["GET"]}}],"collection":[{"href":"https:\/\/events.misatv.ro\/ru\/wp-json\/wp\/v2\/pages"}],"about":[{"href":"https:\/\/events.misatv.ro\/ru\/wp-json\/wp\/v2\/types\/page"}],"author":[{"embeddable":true,"href":"https:\/\/events.misatv.ro\/ru\/wp-json\/wp\/v2\/users\/3416"}],"replies":[{"embeddable":true,"href":"https:\/\/events.misatv.ro\/ru\/wp-json\/wp\/v2\/comments?post=104087"}],"version-history":[{"count":11,"href":"https:\/\/events.misatv.ro\/ru\/wp-json\/wp\/v2\/pages\/104087\/revisions"}],"predecessor-version":[{"id":189567,"href":"https:\/\/events.misatv.ro\/ru\/wp-json\/wp\/v2\/pages\/104087\/revisions\/189567"}],"wp:attachment":[{"href":"https:\/\/events.misatv.ro\/ru\/wp-json\/wp\/v2\/media?parent=104087"}],"curies":[{"name":"wp","href":"https:\/\/api.w.org\/{rel}","templated":true}]}}